{"id":23,"date":"2019-03-18T09:34:40","date_gmt":"2019-03-18T08:34:40","guid":{"rendered":"https:\/\/www.fundacionanse.org\/en\/?page_id=23"},"modified":"2024-10-06T11:41:08","modified_gmt":"2024-10-06T09:41:08","slug":"donations","status":"publish","type":"page","link":"https:\/\/www.fundacionanse.org\/en\/donations\/","title":{"rendered":"Donations"},"content":{"rendered":"<p>If you wish to make a donation to the ANSE Foundation, please, do it!<\/p>\n<p>If you wish to do so, below you will find our bank account details and a form to fill in. Bank account number: <strong>ES91 1491 0001 2920 6415 0218<\/strong>, Triodos Bank<\/p>\n\n<div class=\"wpcf7 no-js\" id=\"wpcf7-f230-o1\" lang=\"es-ES\" dir=\"ltr\" data-wpcf7-id=\"230\">\n<div class=\"screen-reader-response\"><p role=\"status\" aria-live=\"polite\" aria-atomic=\"true\"><\/p> <ul><\/ul><\/div>\n<form action=\"\/en\/wp-json\/wp\/v2\/pages\/23#wpcf7-f230-o1\" method=\"post\" class=\"wpcf7-form init\" aria-label=\"Formulario de contacto\" novalidate=\"novalidate\" data-status=\"init\">\n<fieldset class=\"hidden-fields-container\"><input type=\"hidden\" name=\"_wpcf7\" value=\"230\" \/><input type=\"hidden\" name=\"_wpcf7_version\" value=\"6.1.5\" \/><input type=\"hidden\" name=\"_wpcf7_locale\" value=\"es_ES\" \/><input type=\"hidden\" name=\"_wpcf7_unit_tag\" value=\"wpcf7-f230-o1\" \/><input type=\"hidden\" name=\"_wpcf7_container_post\" value=\"0\" \/><input type=\"hidden\" name=\"_wpcf7_posted_data_hash\" value=\"\" \/>\n<\/fieldset>\n<p><label> Your complete name*<br \/>\n<span class=\"wpcf7-form-control-wrap\" data-name=\"your-name\"><input size=\"40\" maxlength=\"400\" class=\"wpcf7-form-control wpcf7-text wpcf7-validates-as-required\" aria-required=\"true\" aria-invalid=\"false\" value=\"\" type=\"text\" name=\"your-name\" \/><\/span> <\/label>\n<\/p>\n<p><label> Your email*<br \/>\n<span class=\"wpcf7-form-control-wrap\" data-name=\"your-email\"><input size=\"40\" maxlength=\"400\" class=\"wpcf7-form-control wpcf7-email wpcf7-validates-as-required wpcf7-text wpcf7-validates-as-email\" aria-required=\"true\" aria-invalid=\"false\" value=\"\" type=\"email\" name=\"your-email\" \/><\/span> <\/label>\n<\/p>\n<p><label> Phone contact<br \/>\n<span class=\"wpcf7-form-control-wrap\" data-name=\"telefono-contacto\"><input size=\"40\" maxlength=\"400\" class=\"wpcf7-form-control wpcf7-tel wpcf7-text wpcf7-validates-as-tel\" aria-invalid=\"false\" value=\"\" type=\"tel\" name=\"telefono-contacto\" \/><\/span> <\/label>\n<\/p>\n<p><label> Add message<br \/>\n<span class=\"wpcf7-form-control-wrap\" data-name=\"comentario-donacion\"><textarea cols=\"40\" rows=\"10\" maxlength=\"2000\" class=\"wpcf7-form-control wpcf7-textarea\" aria-invalid=\"false\" name=\"comentario-donacion\"><\/textarea><\/span> <\/label>\n<\/p>\n<p>[mc4wp_checkbox]\n<\/p>\n<p><label><span class=\"wpcf7-form-control-wrap\" data-name=\"aceptacion\"><span class=\"wpcf7-form-control wpcf7-acceptance\"><span class=\"wpcf7-list-item\"><input type=\"checkbox\" name=\"aceptacion\" value=\"1\" aria-invalid=\"false\" \/><\/span><\/span><\/span> I agree with <a href=\"\/politica-privacidad\/\">terms and conditions<\/a> <\/label>\n<\/p>\n<p><strong>By submitting this form, you accept our privacy policy.<\/strong>\n<\/p>\n<p><strong>Informaci\u00f3n b\u00e1sica de protecci\u00f3n de datos:<\/strong><br \/>\n<small><strong>Responsable:<\/strong> Fundaci\u00f3n ANSE.<br \/>\n<strong>Finalidad:<\/strong> Atender la solicitud y enviar de informaci\u00f3n de inter\u00e9s.<br \/>\n<strong>Legitimaci\u00f3n:<\/strong> Tu consentimiento expreso.<br \/>\n<strong>Destinatarios:<\/strong> Fundaci\u00f3n ANSE, entidades financieras, administraciones en caso de requerimiento legal y servidor fuera de la UE si te suscribes al bolet\u00edn (solo almacenamos all\u00ed nombre y direcci\u00f3n de correo electr\u00f3nico).<br \/>\n<strong>Derechos:<\/strong> Acceso, rectificaci\u00f3n, supresi\u00f3n, oposici\u00f3n y portabilidad de los datos.<br \/>\n<strong>Informaci\u00f3n adicional:<\/strong> <a href=\"\/politica-privacidad\/\">Pol\u00edtica de privacidad<\/a><\/small>\n<\/p>\n<p><input class=\"wpcf7-form-control wpcf7-submit has-spinner\" type=\"submit\" value=\"Enviar\" \/>\n<\/p><p style=\"display: none !important;\" class=\"akismet-fields-container\" data-prefix=\"_wpcf7_ak_\"><label>&#916;<textarea name=\"_wpcf7_ak_hp_textarea\" cols=\"45\" rows=\"8\" maxlength=\"100\"><\/textarea><\/label><input type=\"hidden\" id=\"ak_js_1\" name=\"_wpcf7_ak_js\" value=\"80\"\/><script>document.getElementById( \"ak_js_1\" ).setAttribute( \"value\", ( new Date() ).getTime() );<\/script><\/p><div class=\"wpcf7-response-output\" aria-hidden=\"true\"><\/div>\n<\/form>\n<\/div>\n\n","protected":false},"excerpt":{"rendered":"<p>If you wish to make a donation to the ANSE Foundation, please, do it! If you wish to do so, below you will find our bank account details and a form to fill in. Bank account number: ES91 1491 0001 2920 6415 0218, Triodos Bank<\/p>\n","protected":false},"author":1,"featured_media":0,"parent":0,"menu_order":0,"comment_status":"closed","ping_status":"closed","template":"","meta":{"footnotes":""},"class_list":["post-23","page","type-page","status-publish"],"yoast_head":"<!-- This site is optimized with the Yoast SEO plugin v26.9 - https:\/\/yoast.com\/product\/yoast-seo-wordpress\/ -->\n<title>Donations - ANSE Foundation<\/title>\n<meta name=\"robots\" content=\"index, follow, max-snippet:-1, max-image-preview:large, max-video-preview:-1\" \/>\n<link rel=\"canonical\" href=\"https:\/\/www.fundacionanse.org\/en\/donations\/\" \/>\n<meta property=\"og:locale\" content=\"en_GB\" \/>\n<meta property=\"og:type\" content=\"article\" \/>\n<meta property=\"og:title\" content=\"Donations - ANSE Foundation\" \/>\n<meta property=\"og:description\" content=\"If you wish to make a donation to the ANSE Foundation, please, do it! If you wish to do so, below you will find our bank account details and a form to fill in. Bank account number: ES91 1491 0001 2920 6415 0218, Triodos Bank\" \/>\n<meta property=\"og:url\" content=\"https:\/\/www.fundacionanse.org\/en\/donations\/\" \/>\n<meta property=\"og:site_name\" content=\"ANSE Foundation\" \/>\n<meta property=\"article:publisher\" content=\"https:\/\/www.facebook.com\/AsociacionANSE\" \/>\n<meta property=\"article:modified_time\" content=\"2024-10-06T09:41:08+00:00\" \/>\n<meta name=\"twitter:card\" content=\"summary_large_image\" \/>\n<meta name=\"twitter:site\" content=\"@asociacionanse\" \/>\n<script type=\"application\/ld+json\" class=\"yoast-schema-graph\">{\"@context\":\"https:\/\/schema.org\",\"@graph\":[{\"@type\":\"WebPage\",\"@id\":\"https:\/\/www.fundacionanse.org\/en\/donations\/\",\"url\":\"https:\/\/www.fundacionanse.org\/en\/donations\/\",\"name\":\"Donations - ANSE Foundation\",\"isPartOf\":{\"@id\":\"https:\/\/www.fundacionanse.org\/en\/#website\"},\"datePublished\":\"2019-03-18T08:34:40+00:00\",\"dateModified\":\"2024-10-06T09:41:08+00:00\",\"inLanguage\":\"en-GB\",\"potentialAction\":[{\"@type\":\"ReadAction\",\"target\":[\"https:\/\/www.fundacionanse.org\/en\/donations\/\"]}]},{\"@type\":\"WebSite\",\"@id\":\"https:\/\/www.fundacionanse.org\/en\/#website\",\"url\":\"https:\/\/www.fundacionanse.org\/en\/\",\"name\":\"ANSE Foundation\",\"description\":\"Land Stewardship\",\"publisher\":{\"@id\":\"https:\/\/www.fundacionanse.org\/en\/#organization\"},\"potentialAction\":[{\"@type\":\"SearchAction\",\"target\":{\"@type\":\"EntryPoint\",\"urlTemplate\":\"https:\/\/www.fundacionanse.org\/en\/?s={search_term_string}\"},\"query-input\":{\"@type\":\"PropertyValueSpecification\",\"valueRequired\":true,\"valueName\":\"search_term_string\"}}],\"inLanguage\":\"en-GB\"},{\"@type\":\"Organization\",\"@id\":\"https:\/\/www.fundacionanse.org\/en\/#organization\",\"name\":\"ANSE Foundation\",\"url\":\"https:\/\/www.fundacionanse.org\/en\/\",\"logo\":{\"@type\":\"ImageObject\",\"inLanguage\":\"en-GB\",\"@id\":\"https:\/\/www.fundacionanse.org\/en\/#\/schema\/logo\/image\/\",\"url\":\"https:\/\/www.fundacionanse.org\/en\/wp-content\/uploads\/sites\/2\/2019\/06\/F-ANSE-color.svg\",\"contentUrl\":\"https:\/\/www.fundacionanse.org\/en\/wp-content\/uploads\/sites\/2\/2019\/06\/F-ANSE-color.svg\",\"caption\":\"ANSE Foundation\"},\"image\":{\"@id\":\"https:\/\/www.fundacionanse.org\/en\/#\/schema\/logo\/image\/\"},\"sameAs\":[\"https:\/\/www.facebook.com\/AsociacionANSE\",\"https:\/\/x.com\/asociacionanse\",\"https:\/\/www.instagram.com\/asociacionanse\/\",\"https:\/\/www.linkedin.com\/company\/anse\",\"https:\/\/www.youtube.com\/user\/asociacionanse\",\"https:\/\/es.wikipedia.org\/wiki\/Asociaci\u00f3n_de_Naturalistas_del_Sureste\"]}]}<\/script>\n<!-- \/ Yoast SEO plugin. -->","yoast_head_json":{"title":"Donations - ANSE Foundation","robots":{"index":"index","follow":"follow","max-snippet":"max-snippet:-1","max-image-preview":"max-image-preview:large","max-video-preview":"max-video-preview:-1"},"canonical":"https:\/\/www.fundacionanse.org\/en\/donations\/","og_locale":"en_GB","og_type":"article","og_title":"Donations - ANSE Foundation","og_description":"If you wish to make a donation to the ANSE Foundation, please, do it! If you wish to do so, below you will find our bank account details and a form to fill in. Bank account number: ES91 1491 0001 2920 6415 0218, Triodos Bank","og_url":"https:\/\/www.fundacionanse.org\/en\/donations\/","og_site_name":"ANSE Foundation","article_publisher":"https:\/\/www.facebook.com\/AsociacionANSE","article_modified_time":"2024-10-06T09:41:08+00:00","twitter_card":"summary_large_image","twitter_site":"@asociacionanse","schema":{"@context":"https:\/\/schema.org","@graph":[{"@type":"WebPage","@id":"https:\/\/www.fundacionanse.org\/en\/donations\/","url":"https:\/\/www.fundacionanse.org\/en\/donations\/","name":"Donations - ANSE Foundation","isPartOf":{"@id":"https:\/\/www.fundacionanse.org\/en\/#website"},"datePublished":"2019-03-18T08:34:40+00:00","dateModified":"2024-10-06T09:41:08+00:00","inLanguage":"en-GB","potentialAction":[{"@type":"ReadAction","target":["https:\/\/www.fundacionanse.org\/en\/donations\/"]}]},{"@type":"WebSite","@id":"https:\/\/www.fundacionanse.org\/en\/#website","url":"https:\/\/www.fundacionanse.org\/en\/","name":"ANSE Foundation","description":"Land Stewardship","publisher":{"@id":"https:\/\/www.fundacionanse.org\/en\/#organization"},"potentialAction":[{"@type":"SearchAction","target":{"@type":"EntryPoint","urlTemplate":"https:\/\/www.fundacionanse.org\/en\/?s={search_term_string}"},"query-input":{"@type":"PropertyValueSpecification","valueRequired":true,"valueName":"search_term_string"}}],"inLanguage":"en-GB"},{"@type":"Organization","@id":"https:\/\/www.fundacionanse.org\/en\/#organization","name":"ANSE Foundation","url":"https:\/\/www.fundacionanse.org\/en\/","logo":{"@type":"ImageObject","inLanguage":"en-GB","@id":"https:\/\/www.fundacionanse.org\/en\/#\/schema\/logo\/image\/","url":"https:\/\/www.fundacionanse.org\/en\/wp-content\/uploads\/sites\/2\/2019\/06\/F-ANSE-color.svg","contentUrl":"https:\/\/www.fundacionanse.org\/en\/wp-content\/uploads\/sites\/2\/2019\/06\/F-ANSE-color.svg","caption":"ANSE Foundation"},"image":{"@id":"https:\/\/www.fundacionanse.org\/en\/#\/schema\/logo\/image\/"},"sameAs":["https:\/\/www.facebook.com\/AsociacionANSE","https:\/\/x.com\/asociacionanse","https:\/\/www.instagram.com\/asociacionanse\/","https:\/\/www.linkedin.com\/company\/anse","https:\/\/www.youtube.com\/user\/asociacionanse","https:\/\/es.wikipedia.org\/wiki\/Asociaci\u00f3n_de_Naturalistas_del_Sureste"]}]}},"_links":{"self":[{"href":"https:\/\/www.fundacionanse.org\/en\/wp-json\/wp\/v2\/pages\/23","targetHints":{"allow":["GET"]}}],"collection":[{"href":"https:\/\/www.fundacionanse.org\/en\/wp-json\/wp\/v2\/pages"}],"about":[{"href":"https:\/\/www.fundacionanse.org\/en\/wp-json\/wp\/v2\/types\/page"}],"author":[{"embeddable":true,"href":"https:\/\/www.fundacionanse.org\/en\/wp-json\/wp\/v2\/users\/1"}],"replies":[{"embeddable":true,"href":"https:\/\/www.fundacionanse.org\/en\/wp-json\/wp\/v2\/comments?post=23"}],"version-history":[{"count":0,"href":"https:\/\/www.fundacionanse.org\/en\/wp-json\/wp\/v2\/pages\/23\/revisions"}],"wp:attachment":[{"href":"https:\/\/www.fundacionanse.org\/en\/wp-json\/wp\/v2\/media?parent=23"}],"curies":[{"name":"wp","href":"https:\/\/api.w.org\/{rel}","templated":true}]}}