{"id":243,"date":"2023-06-27T11:20:20","date_gmt":"2023-06-27T11:20:20","guid":{"rendered":"https:\/\/www.fundacionanse.org\/resalar\/?page_id=243"},"modified":"2025-12-16T12:13:59","modified_gmt":"2025-12-16T12:13:59","slug":"especies","status":"publish","type":"page","link":"https:\/\/www.fundacionanse.org\/resalar\/especies\/","title":{"rendered":"Especies"},"content":{"rendered":"\n<h1 class=\"wp-block-heading\">Flora y fauna<\/h1>\n\n\n\n<div style=\"height:40px\" aria-hidden=\"true\" class=\"wp-block-spacer\"><\/div>\n\n\n\n<div class=\"wp-block-columns is-layout-flex wp-container-core-columns-is-layout-9d6595d7 wp-block-columns-is-layout-flex\">\n<div class=\"wp-block-column is-layout-flow wp-block-column-is-layout-flow\" style=\"flex-basis:50%\">\n<div class=\"wp-block-cover is-light\" style=\"min-height:425px;aspect-ratio:unset;\"><span aria-hidden=\"true\" class=\"wp-block-cover__background has-background-dim-100 has-background-dim\" style=\"background-color:#f6f6f6\"><\/span><div class=\"wp-block-cover__inner-container is-layout-flow wp-block-cover-is-layout-flow\"><div class=\"wp-block-image\">\n<figure class=\"aligncenter size-full\"><img decoding=\"async\" width=\"1000\" height=\"667\" src=\"https:\/\/www.fundacionanse.org\/resalar\/wp-content\/uploads\/sites\/5\/2024\/03\/Fartet.jpg\" alt=\"Fartet\" class=\"wp-image-777\" style=\"object-fit:cover\" srcset=\"https:\/\/www.fundacionanse.org\/resalar\/wp-content\/uploads\/sites\/5\/2024\/03\/Fartet.jpg 1000w, https:\/\/www.fundacionanse.org\/resalar\/wp-content\/uploads\/sites\/5\/2024\/03\/Fartet-300x200.jpg 300w, https:\/\/www.fundacionanse.org\/resalar\/wp-content\/uploads\/sites\/5\/2024\/03\/Fartet-768x512.jpg 768w\" sizes=\"(max-width: 1000px) 100vw, 1000px\" \/><figcaption class=\"wp-element-caption\">Fartet&nbsp;(<em>Aphanius iberus<\/em>)&nbsp;\u00a9Javier Ferrer<\/figcaption><\/figure><\/div><\/div><\/div>\n<\/div>\n\n\n\n<div class=\"wp-block-column is-vertically-aligned-center is-layout-flow wp-block-column-is-layout-flow\" style=\"padding-top:1em;padding-right:1em;padding-bottom:1em;padding-left:1em\">\n<h2 class=\"wp-block-heading\">Fartet<\/h2>\n\n\n\n<p>El <strong>fartet&nbsp;<em>(Aphanius iberus<\/em>)<\/strong>&nbsp;es un peque\u00f1o pez end\u00e9mico del levante ib\u00e9rico que podemos encontrar a\u00fan en algunas de las charcas y canales de Marchamalo. Se trata de una especie con una gran capacidad de tolerar variaciones en la salinidad del agua, lo que le ha permitido colonizar h\u00e1bitats tan hostiles como las salinas. Su car\u00e1cter end\u00e9mico unido a la desaparici\u00f3n de muchos humedales costeros, incluidas numerosas salinas que han sido abandonadas, han llevado a este pez a convertirse en uno de los vertebrados espa\u00f1oles en mayor peligro de extinci\u00f3n.<\/p>\n<\/div>\n<\/div>\n\n\n\n<div class=\"wp-block-columns is-layout-flex wp-container-core-columns-is-layout-9d6595d7 wp-block-columns-is-layout-flex\">\n<div class=\"wp-block-column is-vertically-aligned-center is-layout-flow wp-block-column-is-layout-flow\" style=\"padding-top:1em;padding-right:1em;padding-bottom:1em;padding-left:1em\">\n<h2 class=\"wp-block-heading\">Esparraguera del Mar Menor<\/h2>\n\n\n\n<p>La <strong>esparraguera del Mar Menor&nbsp;(<em>Asparagus macrorrhizus<\/em>)<\/strong>&nbsp;es un esp\u00e1rrago silvestre que se encuentra en arenales costeros al rededor del Mar Menor. Debido al desarrollo tur\u00edstico en toda su \u00e1rea de distribuci\u00f3n, la especie ha quedado relegado a unas pocas localidades en las que sobreviven apenas dos centenares de ejemplares, en ocasiones sobre solares urbanos o urbanizables. Recientemente (marzo de 2023) ha pasado a formar parte del Cat\u00e1logo Espa\u00f1ol de Especies Amenazadas con la categor\u00eda de \u00abEn Peligro de Extinci\u00f3n\u00bb.<\/p>\n<\/div>\n\n\n\n<div class=\"wp-block-column is-layout-flow wp-block-column-is-layout-flow\" style=\"flex-basis:50%\">\n<div class=\"wp-block-cover is-light\" style=\"min-height:430px;aspect-ratio:unset;\"><span aria-hidden=\"true\" class=\"wp-block-cover__background has-background-dim-100 has-background-dim\" style=\"background-color:#f6f6f6\"><\/span><div class=\"wp-block-cover__inner-container is-layout-flow wp-block-cover-is-layout-flow\"><div class=\"wp-block-image\">\n<figure class=\"aligncenter size-large\"><img decoding=\"async\" width=\"1024\" height=\"722\" src=\"https:\/\/www.fundacionanse.org\/resalar\/wp-content\/uploads\/sites\/5\/2024\/03\/Esparraguera_MarMenor-1024x722.jpg\" alt=\"Esparraguera\" class=\"wp-image-773\" style=\"object-fit:cover\" srcset=\"https:\/\/www.fundacionanse.org\/resalar\/wp-content\/uploads\/sites\/5\/2024\/03\/Esparraguera_MarMenor-1024x722.jpg 1024w, https:\/\/www.fundacionanse.org\/resalar\/wp-content\/uploads\/sites\/5\/2024\/03\/Esparraguera_MarMenor-300x212.jpg 300w, https:\/\/www.fundacionanse.org\/resalar\/wp-content\/uploads\/sites\/5\/2024\/03\/Esparraguera_MarMenor-768x542.jpg 768w, https:\/\/www.fundacionanse.org\/resalar\/wp-content\/uploads\/sites\/5\/2024\/03\/Esparraguera_MarMenor.jpg 1500w\" sizes=\"(max-width: 1024px) 100vw, 1024px\" \/><figcaption class=\"wp-element-caption\">Esparraguera del Mar Menor (<em>Asparagus macrorrhizus<\/em>)<\/figcaption><\/figure><\/div><\/div><\/div>\n<\/div>\n<\/div>\n\n\n\n<div class=\"wp-block-columns is-layout-flex wp-container-core-columns-is-layout-9d6595d7 wp-block-columns-is-layout-flex\">\n<div class=\"wp-block-column is-layout-flow wp-block-column-is-layout-flow\" style=\"flex-basis:50%\">\n<div class=\"wp-block-cover is-light\" style=\"min-height:425px;aspect-ratio:unset;\"><span aria-hidden=\"true\" class=\"wp-block-cover__background has-background-dim-100 has-background-dim\" style=\"background-color:#f6f6f6\"><\/span><div class=\"wp-block-cover__inner-container is-layout-flow wp-block-cover-is-layout-flow\">\n<figure class=\"wp-block-image size-full\"><img decoding=\"async\" width=\"1009\" height=\"666\" src=\"https:\/\/www.fundacionanse.org\/resalar\/wp-content\/uploads\/sites\/5\/2024\/03\/sabina-dunas-Molino-del-Agua.jpg\" alt=\"Sabina de las dunas\" class=\"wp-image-835\" srcset=\"https:\/\/www.fundacionanse.org\/resalar\/wp-content\/uploads\/sites\/5\/2024\/03\/sabina-dunas-Molino-del-Agua.jpg 1009w, https:\/\/www.fundacionanse.org\/resalar\/wp-content\/uploads\/sites\/5\/2024\/03\/sabina-dunas-Molino-del-Agua-300x198.jpg 300w, https:\/\/www.fundacionanse.org\/resalar\/wp-content\/uploads\/sites\/5\/2024\/03\/sabina-dunas-Molino-del-Agua-768x507.jpg 768w\" sizes=\"(max-width: 1009px) 100vw, 1009px\" \/><figcaption class=\"wp-element-caption\">Sabina de las dunas (<em>Juniperus turbinata<\/em>)<\/figcaption><\/figure>\n<\/div><\/div>\n<\/div>\n\n\n\n<div class=\"wp-block-column is-vertically-aligned-center is-layout-flow wp-block-column-is-layout-flow\" style=\"padding-top:1em;padding-right:1em;padding-bottom:1em;padding-left:1em\">\n<h2 class=\"wp-block-heading\">Sabina de las dunas <\/h2>\n\n\n\n<p>La <strong>sabina de las dunas (<em>Juniperus turbinata<\/em>)<\/strong>, actualmente en peligro de extinci\u00f3n, es una especie de con\u00edfera que habita en el sur de la Pen\u00ednsula Ib\u00e9rica.&nbsp; No suele ser abundante, apareciendo de modo aislado o en zonas poco extensas.&nbsp; Se distingue de otras sabinas porque crece en zona de arenas litorales (dunas), tiene el g\u00e1lbulo (arc\u00e9stida o pi\u00f1a carnosa cerrada) de mayor tama\u00f1o, y sus hojas se estrechan en una punta alargada.<\/p>\n<\/div>\n<\/div>\n\n\n\n<div class=\"wp-block-columns is-layout-flex wp-container-core-columns-is-layout-9d6595d7 wp-block-columns-is-layout-flex\">\n<div class=\"wp-block-column is-vertically-aligned-center is-layout-flow wp-block-column-is-layout-flow\" style=\"padding-top:1em;padding-right:1em;padding-bottom:1em;padding-left:1em\">\n<h2 class=\"wp-block-heading\">Dunaliella salina <\/h2>\n\n\n\n<p><strong><em>Dunaliella salina<\/em><\/strong><em>&nbsp;<\/em>es un tipo de microalga hal\u00f3fila (vive en ambientes hipersalinos). Se trata de una microalga verde unicelular, que posee dos flagelos que la permiten nadar. Por estr\u00e9s salino y luminoso produce betacarotenos, un antioxidante que usa para protegerse de la salinidad y de los rayos ultravioletas, estos betacarotenos le dan un color rojizo o anaranjado que hace que ti\u00f1a las salinas de dichos colores. Es el alimento principal de las artemias, aport\u00e1ndoles un color rojizo a estas, y estas a su vez a los flamencos; esto se debe a que ning\u00fan animal puede sintetizar carotenos, y para poder asimilarlos deben comerlos en la dieta.<\/p>\n<\/div>\n\n\n\n<div class=\"wp-block-column is-layout-flow wp-block-column-is-layout-flow\" style=\"flex-basis:50%\">\n<div class=\"wp-block-cover is-light\" style=\"min-height:430px;aspect-ratio:unset;\"><span aria-hidden=\"true\" class=\"wp-block-cover__background has-background-dim-100 has-background-dim\" style=\"background-color:#f6f6f6\"><\/span><div class=\"wp-block-cover__inner-container is-layout-flow wp-block-cover-is-layout-flow\">\n<figure class=\"wp-block-image size-full\"><img decoding=\"async\" width=\"1500\" height=\"1125\" src=\"https:\/\/www.fundacionanse.org\/resalar\/wp-content\/uploads\/sites\/5\/2025\/12\/Resalar.-salinas.-agua-rosa.jpeg\" alt=\"\" class=\"wp-image-1219\" srcset=\"https:\/\/www.fundacionanse.org\/resalar\/wp-content\/uploads\/sites\/5\/2025\/12\/Resalar.-salinas.-agua-rosa.jpeg 1500w, https:\/\/www.fundacionanse.org\/resalar\/wp-content\/uploads\/sites\/5\/2025\/12\/Resalar.-salinas.-agua-rosa-300x225.jpeg 300w, https:\/\/www.fundacionanse.org\/resalar\/wp-content\/uploads\/sites\/5\/2025\/12\/Resalar.-salinas.-agua-rosa-1024x768.jpeg 1024w, https:\/\/www.fundacionanse.org\/resalar\/wp-content\/uploads\/sites\/5\/2025\/12\/Resalar.-salinas.-agua-rosa-768x576.jpeg 768w\" sizes=\"(max-width: 1500px) 100vw, 1500px\" \/><figcaption class=\"wp-element-caption\"><em>Dunaliella salina<\/em><\/figcaption><\/figure>\n<\/div><\/div>\n<\/div>\n<\/div>\n\n\n\n<div class=\"wp-block-columns is-layout-flex wp-container-core-columns-is-layout-9d6595d7 wp-block-columns-is-layout-flex\">\n<div class=\"wp-block-column is-layout-flow wp-block-column-is-layout-flow\" style=\"flex-basis:50%\">\n<div class=\"wp-block-cover is-light\" style=\"min-height:425px;aspect-ratio:unset;\"><span aria-hidden=\"true\" class=\"wp-block-cover__background has-background-dim-100 has-background-dim\" style=\"background-color:#f6f6f6\"><\/span><div class=\"wp-block-cover__inner-container is-layout-flow wp-block-cover-is-layout-flow\">\n<figure class=\"wp-block-image size-large\"><img decoding=\"async\" width=\"1024\" height=\"659\" src=\"https:\/\/www.fundacionanse.org\/resalar\/wp-content\/uploads\/sites\/5\/2024\/03\/artemia-1024x659.jpg\" alt=\"Artemia\" class=\"wp-image-833\" srcset=\"https:\/\/www.fundacionanse.org\/resalar\/wp-content\/uploads\/sites\/5\/2024\/03\/artemia-1024x659.jpg 1024w, https:\/\/www.fundacionanse.org\/resalar\/wp-content\/uploads\/sites\/5\/2024\/03\/artemia-300x193.jpg 300w, https:\/\/www.fundacionanse.org\/resalar\/wp-content\/uploads\/sites\/5\/2024\/03\/artemia-768x494.jpg 768w, https:\/\/www.fundacionanse.org\/resalar\/wp-content\/uploads\/sites\/5\/2024\/03\/artemia.jpg 1500w\" sizes=\"(max-width: 1024px) 100vw, 1024px\" \/><figcaption class=\"wp-element-caption\">Artemia (<em>Artemia salina<\/em>)<\/figcaption><\/figure>\n<\/div><\/div>\n<\/div>\n\n\n\n<div class=\"wp-block-column is-vertically-aligned-center is-layout-flow wp-block-column-is-layout-flow\" style=\"padding-top:1em;padding-right:1em;padding-bottom:1em;padding-left:1em\">\n<h2 class=\"wp-block-heading\">Artemia salina <\/h2>\n\n\n\n<p><br>La<strong> artemia<\/strong> <strong>(<em>Artemia salina<\/em>)<\/strong> es una especie de crust\u00e1ceo filtrador branqui\u00f3podo<strong> <\/strong>de entre 7 y 12 mm de longitud. Se alimenta de fitoplancton, en especial algas del g\u00e9nero Dunaliella. Vive en charcas y lagos hipersalinos. Tolera rangos diversos de salinidad (desde 5 a 200 g\/l) y de temperatura (desde 6 a 35\u00baC).&nbsp; Es el alimento principal de los flamencos y del fartet ya que tiene importantes cantidades de prote\u00ednas altamente digeribles, vitaminas y beta-car\u00f3tenos (sustancia que les da el color a los flamencos). Esto hace que sea un alimento clave e insustituible en la cadena tr\u00f3fica de las salinas.<\/p>\n<\/div>\n<\/div>\n\n\n\n<div class=\"wp-block-columns are-vertically-aligned-center is-layout-flex wp-container-core-columns-is-layout-9d6595d7 wp-block-columns-is-layout-flex\">\n<div class=\"wp-block-column is-vertically-aligned-center is-layout-flow wp-block-column-is-layout-flow\" style=\"padding-top:1em;padding-right:1em;padding-bottom:1em;padding-left:1em\">\n<h2 class=\"wp-block-heading\">Chorlitejo patinegro <\/h2>\n\n\n\n<p><strong>Chorlitejo patinegro<\/strong> <strong>(<em>Charadrius alexandrinus<\/em>)<\/strong> es una peque\u00f1a ave lim\u00edcola caracter\u00edstica de ecosistemas costeros, como playas, arenales, saladares y lagunas. Gracias al camuflaje de su plum\u00f3n pasa desapercibida frente a posibles depredadores.<\/p>\n\n\n\n<p>Cr\u00eda directamente en el suelo, y sus reto\u00f1os son nid\u00edfugos, abandonando el nido tras su nacimiento. Curiosamente, en caso de necesidad, los progenitores despliegan un comportamiento muy caracter\u00edstico para mantener a salvo a sus cr\u00edas, fingiendo estar heridos frente a sus depredadores, ofreci\u00e9ndoles as\u00ed un blanco m\u00e1s tentador a estos mientras los polluelos permanecen a salvo en su escondite.<\/p>\n\n\n\n<p>Finalmente, el chortilejo es muy sensible a la presencia humana durante la \u00e9poca de reproducci\u00f3n, por ello, cada vez es menos com\u00fan su existencia en playas y arenales debido a la masificaci\u00f3n tur\u00edstica del litoral.<\/p>\n<\/div>\n\n\n\n<div class=\"wp-block-column is-vertically-aligned-center is-layout-flow wp-block-column-is-layout-flow\" style=\"flex-basis:50%\">\n<div class=\"wp-block-cover is-light\" style=\"min-height:430px;aspect-ratio:unset;\"><span aria-hidden=\"true\" class=\"wp-block-cover__background has-background-dim-100 has-background-dim\" style=\"background-color:#f6f6f6\"><\/span><div class=\"wp-block-cover__inner-container is-layout-flow wp-block-cover-is-layout-flow\">\n<figure class=\"wp-block-image size-full\"><img decoding=\"async\" width=\"1000\" height=\"750\" src=\"https:\/\/www.fundacionanse.org\/resalar\/wp-content\/uploads\/sites\/5\/2024\/01\/DSC08337.jpg\" alt=\"Chortilitejo\" class=\"wp-image-490\" style=\"object-fit:cover\" srcset=\"https:\/\/www.fundacionanse.org\/resalar\/wp-content\/uploads\/sites\/5\/2024\/01\/DSC08337.jpg 1000w, https:\/\/www.fundacionanse.org\/resalar\/wp-content\/uploads\/sites\/5\/2024\/01\/DSC08337-300x225.jpg 300w, https:\/\/www.fundacionanse.org\/resalar\/wp-content\/uploads\/sites\/5\/2024\/01\/DSC08337-768x576.jpg 768w\" sizes=\"(max-width: 1000px) 100vw, 1000px\" \/><figcaption class=\"wp-element-caption\">Chorlitejo patinegro (<em>Charadrius alexandrinus<\/em>)<\/figcaption><\/figure>\n<\/div><\/div>\n<\/div>\n<\/div>\n","protected":false},"excerpt":{"rendered":"<p>Flora y fauna Fartet El fartet&nbsp;(Aphanius iberus)&nbsp;es un peque\u00f1o pez end\u00e9mico del levante ib\u00e9rico que podemos encontrar a\u00fan en algunas de las charcas y canales de Marchamalo. Se trata de una especie con una gran capacidad de tolerar variaciones en la salinidad del agua, lo que le ha permitido colonizar h\u00e1bitats tan hostiles como las &#8230; <a title=\"Especies\" class=\"read-more\" href=\"https:\/\/www.fundacionanse.org\/resalar\/especies\/\" aria-label=\"Leer m\u00e1s sobre Especies\">Leer m\u00e1s<\/a><\/p>\n","protected":false},"author":2,"featured_media":772,"parent":0,"menu_order":0,"comment_status":"closed","ping_status":"closed","template":"","meta":{"inline_featured_image":false,"footnotes":""},"class_list":{"0":"post-243","1":"page","2":"type-page","3":"status-publish","4":"has-post-thumbnail","6":"resize-featured-image"},"yoast_head":"<!-- This site is optimized with the Yoast SEO plugin v26.9 - https:\/\/yoast.com\/product\/yoast-seo-wordpress\/ -->\n<title>Especies - RESALAR<\/title>\n<meta name=\"robots\" content=\"index, follow, max-snippet:-1, max-image-preview:large, max-video-preview:-1\" \/>\n<link rel=\"canonical\" href=\"https:\/\/www.fundacionanse.org\/resalar\/especies\/\" \/>\n<meta property=\"og:locale\" content=\"es_ES\" \/>\n<meta property=\"og:type\" content=\"article\" \/>\n<meta property=\"og:title\" content=\"Especies - RESALAR\" \/>\n<meta property=\"og:description\" content=\"Flora y fauna Fartet El fartet&nbsp;(Aphanius iberus)&nbsp;es un peque\u00f1o pez end\u00e9mico del levante ib\u00e9rico que podemos encontrar a\u00fan en algunas de las charcas y canales de Marchamalo. Se trata de una especie con una gran capacidad de tolerar variaciones en la salinidad del agua, lo que le ha permitido colonizar h\u00e1bitats tan hostiles como las ... Leer m\u00e1s\" \/>\n<meta property=\"og:url\" content=\"https:\/\/www.fundacionanse.org\/resalar\/especies\/\" \/>\n<meta property=\"og:site_name\" content=\"RESALAR\" \/>\n<meta property=\"article:publisher\" content=\"https:\/\/www.facebook.com\/FundacionANSE\" \/>\n<meta property=\"article:modified_time\" content=\"2025-12-16T12:13:59+00:00\" \/>\n<meta property=\"og:image\" content=\"https:\/\/www.fundacionanse.org\/resalar\/wp-content\/uploads\/sites\/5\/2024\/03\/Fartet-2.jpg\" \/>\n\t<meta property=\"og:image:width\" content=\"1000\" \/>\n\t<meta property=\"og:image:height\" content=\"470\" \/>\n\t<meta property=\"og:image:type\" content=\"image\/jpeg\" \/>\n<meta name=\"twitter:card\" content=\"summary_large_image\" \/>\n<meta name=\"twitter:site\" content=\"@fundacionanse\" \/>\n<meta name=\"twitter:label1\" content=\"Tiempo de lectura\" \/>\n\t<meta name=\"twitter:data1\" content=\"5 minutos\" \/>\n<script type=\"application\/ld+json\" class=\"yoast-schema-graph\">{\"@context\":\"https:\/\/schema.org\",\"@graph\":[{\"@type\":\"WebPage\",\"@id\":\"https:\/\/www.fundacionanse.org\/resalar\/especies\/\",\"url\":\"https:\/\/www.fundacionanse.org\/resalar\/especies\/\",\"name\":\"Especies - RESALAR\",\"isPartOf\":{\"@id\":\"https:\/\/www.fundacionanse.org\/resalar\/#website\"},\"primaryImageOfPage\":{\"@id\":\"https:\/\/www.fundacionanse.org\/resalar\/especies\/#primaryimage\"},\"image\":{\"@id\":\"https:\/\/www.fundacionanse.org\/resalar\/especies\/#primaryimage\"},\"thumbnailUrl\":\"https:\/\/www.fundacionanse.org\/resalar\/wp-content\/uploads\/sites\/5\/2024\/03\/Fartet-2.jpg\",\"datePublished\":\"2023-06-27T11:20:20+00:00\",\"dateModified\":\"2025-12-16T12:13:59+00:00\",\"breadcrumb\":{\"@id\":\"https:\/\/www.fundacionanse.org\/resalar\/especies\/#breadcrumb\"},\"inLanguage\":\"es\",\"potentialAction\":[{\"@type\":\"ReadAction\",\"target\":[\"https:\/\/www.fundacionanse.org\/resalar\/especies\/\"]}]},{\"@type\":\"ImageObject\",\"inLanguage\":\"es\",\"@id\":\"https:\/\/www.fundacionanse.org\/resalar\/especies\/#primaryimage\",\"url\":\"https:\/\/www.fundacionanse.org\/resalar\/wp-content\/uploads\/sites\/5\/2024\/03\/Fartet-2.jpg\",\"contentUrl\":\"https:\/\/www.fundacionanse.org\/resalar\/wp-content\/uploads\/sites\/5\/2024\/03\/Fartet-2.jpg\",\"width\":1000,\"height\":470,\"caption\":\"Fartet \u00a9Javier Ferrer\"},{\"@type\":\"BreadcrumbList\",\"@id\":\"https:\/\/www.fundacionanse.org\/resalar\/especies\/#breadcrumb\",\"itemListElement\":[{\"@type\":\"ListItem\",\"position\":1,\"name\":\"Portada\",\"item\":\"https:\/\/www.fundacionanse.org\/resalar\/\"},{\"@type\":\"ListItem\",\"position\":2,\"name\":\"Especies\"}]},{\"@type\":\"WebSite\",\"@id\":\"https:\/\/www.fundacionanse.org\/resalar\/#website\",\"url\":\"https:\/\/www.fundacionanse.org\/resalar\/\",\"name\":\"RESALAR\",\"description\":\"Regeneraci\u00f3n de salinas y arenales en el Mar Menor\",\"publisher\":{\"@id\":\"https:\/\/www.fundacionanse.org\/resalar\/#organization\"},\"potentialAction\":[{\"@type\":\"SearchAction\",\"target\":{\"@type\":\"EntryPoint\",\"urlTemplate\":\"https:\/\/www.fundacionanse.org\/resalar\/?s={search_term_string}\"},\"query-input\":{\"@type\":\"PropertyValueSpecification\",\"valueRequired\":true,\"valueName\":\"search_term_string\"}}],\"inLanguage\":\"es\"},{\"@type\":\"Organization\",\"@id\":\"https:\/\/www.fundacionanse.org\/resalar\/#organization\",\"name\":\"RESALAR\",\"url\":\"https:\/\/www.fundacionanse.org\/resalar\/\",\"logo\":{\"@type\":\"ImageObject\",\"inLanguage\":\"es\",\"@id\":\"https:\/\/www.fundacionanse.org\/resalar\/#\/schema\/logo\/image\/\",\"url\":\"https:\/\/www.fundacionanse.org\/resalar\/wp-content\/uploads\/sites\/5\/2024\/02\/resalar-web_vertical-color.svg\",\"contentUrl\":\"https:\/\/www.fundacionanse.org\/resalar\/wp-content\/uploads\/sites\/5\/2024\/02\/resalar-web_vertical-color.svg\",\"width\":168,\"height\":188,\"caption\":\"RESALAR\"},\"image\":{\"@id\":\"https:\/\/www.fundacionanse.org\/resalar\/#\/schema\/logo\/image\/\"},\"sameAs\":[\"https:\/\/www.facebook.com\/FundacionANSE\",\"https:\/\/x.com\/fundacionanse\",\"https:\/\/www.instagram.com\/fundacionanse\/\"]}]}<\/script>\n<!-- \/ Yoast SEO plugin. -->","yoast_head_json":{"title":"Especies - RESALAR","robots":{"index":"index","follow":"follow","max-snippet":"max-snippet:-1","max-image-preview":"max-image-preview:large","max-video-preview":"max-video-preview:-1"},"canonical":"https:\/\/www.fundacionanse.org\/resalar\/especies\/","og_locale":"es_ES","og_type":"article","og_title":"Especies - RESALAR","og_description":"Flora y fauna Fartet El fartet&nbsp;(Aphanius iberus)&nbsp;es un peque\u00f1o pez end\u00e9mico del levante ib\u00e9rico que podemos encontrar a\u00fan en algunas de las charcas y canales de Marchamalo. Se trata de una especie con una gran capacidad de tolerar variaciones en la salinidad del agua, lo que le ha permitido colonizar h\u00e1bitats tan hostiles como las ... Leer m\u00e1s","og_url":"https:\/\/www.fundacionanse.org\/resalar\/especies\/","og_site_name":"RESALAR","article_publisher":"https:\/\/www.facebook.com\/FundacionANSE","article_modified_time":"2025-12-16T12:13:59+00:00","og_image":[{"width":1000,"height":470,"url":"https:\/\/www.fundacionanse.org\/resalar\/wp-content\/uploads\/sites\/5\/2024\/03\/Fartet-2.jpg","type":"image\/jpeg"}],"twitter_card":"summary_large_image","twitter_site":"@fundacionanse","twitter_misc":{"Tiempo de lectura":"5 minutos"},"schema":{"@context":"https:\/\/schema.org","@graph":[{"@type":"WebPage","@id":"https:\/\/www.fundacionanse.org\/resalar\/especies\/","url":"https:\/\/www.fundacionanse.org\/resalar\/especies\/","name":"Especies - RESALAR","isPartOf":{"@id":"https:\/\/www.fundacionanse.org\/resalar\/#website"},"primaryImageOfPage":{"@id":"https:\/\/www.fundacionanse.org\/resalar\/especies\/#primaryimage"},"image":{"@id":"https:\/\/www.fundacionanse.org\/resalar\/especies\/#primaryimage"},"thumbnailUrl":"https:\/\/www.fundacionanse.org\/resalar\/wp-content\/uploads\/sites\/5\/2024\/03\/Fartet-2.jpg","datePublished":"2023-06-27T11:20:20+00:00","dateModified":"2025-12-16T12:13:59+00:00","breadcrumb":{"@id":"https:\/\/www.fundacionanse.org\/resalar\/especies\/#breadcrumb"},"inLanguage":"es","potentialAction":[{"@type":"ReadAction","target":["https:\/\/www.fundacionanse.org\/resalar\/especies\/"]}]},{"@type":"ImageObject","inLanguage":"es","@id":"https:\/\/www.fundacionanse.org\/resalar\/especies\/#primaryimage","url":"https:\/\/www.fundacionanse.org\/resalar\/wp-content\/uploads\/sites\/5\/2024\/03\/Fartet-2.jpg","contentUrl":"https:\/\/www.fundacionanse.org\/resalar\/wp-content\/uploads\/sites\/5\/2024\/03\/Fartet-2.jpg","width":1000,"height":470,"caption":"Fartet \u00a9Javier Ferrer"},{"@type":"BreadcrumbList","@id":"https:\/\/www.fundacionanse.org\/resalar\/especies\/#breadcrumb","itemListElement":[{"@type":"ListItem","position":1,"name":"Portada","item":"https:\/\/www.fundacionanse.org\/resalar\/"},{"@type":"ListItem","position":2,"name":"Especies"}]},{"@type":"WebSite","@id":"https:\/\/www.fundacionanse.org\/resalar\/#website","url":"https:\/\/www.fundacionanse.org\/resalar\/","name":"RESALAR","description":"Regeneraci\u00f3n de salinas y arenales en el Mar Menor","publisher":{"@id":"https:\/\/www.fundacionanse.org\/resalar\/#organization"},"potentialAction":[{"@type":"SearchAction","target":{"@type":"EntryPoint","urlTemplate":"https:\/\/www.fundacionanse.org\/resalar\/?s={search_term_string}"},"query-input":{"@type":"PropertyValueSpecification","valueRequired":true,"valueName":"search_term_string"}}],"inLanguage":"es"},{"@type":"Organization","@id":"https:\/\/www.fundacionanse.org\/resalar\/#organization","name":"RESALAR","url":"https:\/\/www.fundacionanse.org\/resalar\/","logo":{"@type":"ImageObject","inLanguage":"es","@id":"https:\/\/www.fundacionanse.org\/resalar\/#\/schema\/logo\/image\/","url":"https:\/\/www.fundacionanse.org\/resalar\/wp-content\/uploads\/sites\/5\/2024\/02\/resalar-web_vertical-color.svg","contentUrl":"https:\/\/www.fundacionanse.org\/resalar\/wp-content\/uploads\/sites\/5\/2024\/02\/resalar-web_vertical-color.svg","width":168,"height":188,"caption":"RESALAR"},"image":{"@id":"https:\/\/www.fundacionanse.org\/resalar\/#\/schema\/logo\/image\/"},"sameAs":["https:\/\/www.facebook.com\/FundacionANSE","https:\/\/x.com\/fundacionanse","https:\/\/www.instagram.com\/fundacionanse\/"]}]}},"_links":{"self":[{"href":"https:\/\/www.fundacionanse.org\/resalar\/wp-json\/wp\/v2\/pages\/243","targetHints":{"allow":["GET"]}}],"collection":[{"href":"https:\/\/www.fundacionanse.org\/resalar\/wp-json\/wp\/v2\/pages"}],"about":[{"href":"https:\/\/www.fundacionanse.org\/resalar\/wp-json\/wp\/v2\/types\/page"}],"author":[{"embeddable":true,"href":"https:\/\/www.fundacionanse.org\/resalar\/wp-json\/wp\/v2\/users\/2"}],"replies":[{"embeddable":true,"href":"https:\/\/www.fundacionanse.org\/resalar\/wp-json\/wp\/v2\/comments?post=243"}],"version-history":[{"count":0,"href":"https:\/\/www.fundacionanse.org\/resalar\/wp-json\/wp\/v2\/pages\/243\/revisions"}],"wp:featuredmedia":[{"embeddable":true,"href":"https:\/\/www.fundacionanse.org\/resalar\/wp-json\/wp\/v2\/media\/772"}],"wp:attachment":[{"href":"https:\/\/www.fundacionanse.org\/resalar\/wp-json\/wp\/v2\/media?parent=243"}],"curies":[{"name":"wp","href":"https:\/\/api.w.org\/{rel}","templated":true}]}}