{"id":25,"date":"2023-01-05T09:47:05","date_gmt":"2023-01-05T09:47:05","guid":{"rendered":"https:\/\/www.fundacionanse.org\/resalar\/?page_id=25"},"modified":"2025-11-17T09:59:56","modified_gmt":"2025-11-17T09:59:56","slug":"descripcion","status":"publish","type":"page","link":"https:\/\/www.fundacionanse.org\/resalar\/descripcion\/","title":{"rendered":"Descripci\u00f3n"},"content":{"rendered":"\n<h1 class=\"wp-block-heading\">Descripci\u00f3n del proyecto<\/h1>\n\n\n\n<p>El Mar Menor, una de las mayores lagunas litorales hipersalinas de Europa, presenta un estado de deterioro muy elevado como consecuencia de diversas actividades humanas que han destruido muchos de sus h\u00e1bitats ribere\u00f1os y eutrofizan sus aguas, incumpliendo diferentes normativas estatales y europeas, con consecuencias ambientales, sociales y econ\u00f3micas que requieren de soluciones efectivas y amplias medidas de recuperaci\u00f3n.<\/p>\n\n\n\n<p>El proyecto \u201cRESALAR: Regeneraci\u00f3n de salinas y arenales en el Mar Menor\u201d promovido por la Fundaci\u00f3n ANSE, pretende contribuir a la recuperaci\u00f3n de la actividad salinera en una superficie de 8 ha de Dominio P\u00fablico Mar\u00edtimo Terrestre y algo m\u00e1s de una hect\u00e1rea de terreno privado anexo.&nbsp;Se plantea la adquisici\u00f3n de infraestructuras hist\u00f3ricas de las salinas, fundamentales para&nbsp;la recuperaci\u00f3n de la actividad salinera y&nbsp; la biodiversidad, y el desarrollo de actividades educativas y de divulgaci\u00f3n sobre el Mar Menor, generando empleo.<\/p>\n\n\n\n<p>El proyecto permitir\u00eda restaurar arenales invadidos por flora ex\u00f3tica invasora, en un suelo urbano situado en el paraje del Monte Blanco, ampliando un espacio p\u00fablico y zona verde en un \u00e1rea sin apenas equipamientos.<\/p>\n\n\n<div class=\"wp-block-image\">\n<figure class=\"alignright size-large is-resized\"><img decoding=\"async\" width=\"1024\" height=\"768\" src=\"https:\/\/www.fundacionanse.org\/resalar\/wp-content\/uploads\/sites\/5\/2023\/07\/IMG_5110-1024x768.jpg\" alt=\"\" class=\"wp-image-320\" style=\"width:512px;height:384px\" srcset=\"https:\/\/www.fundacionanse.org\/resalar\/wp-content\/uploads\/sites\/5\/2023\/07\/IMG_5110-1024x768.jpg 1024w, https:\/\/www.fundacionanse.org\/resalar\/wp-content\/uploads\/sites\/5\/2023\/07\/IMG_5110-300x225.jpg 300w, https:\/\/www.fundacionanse.org\/resalar\/wp-content\/uploads\/sites\/5\/2023\/07\/IMG_5110-768x576.jpg 768w, https:\/\/www.fundacionanse.org\/resalar\/wp-content\/uploads\/sites\/5\/2023\/07\/IMG_5110-1536x1152.jpg 1536w, https:\/\/www.fundacionanse.org\/resalar\/wp-content\/uploads\/sites\/5\/2023\/07\/IMG_5110-2048x1536.jpg 2048w\" sizes=\"(max-width: 1024px) 100vw, 1024px\" \/><\/figure><\/div>\n\n\n<p>Se consolidar\u00e1n las acciones ya iniciadas para la restauraci\u00f3n ambiental de al menos 5 ha de arenales de Dominio P\u00fablico Mar\u00edtimo Terrestre en la denominada Caleta del Estacio, mediante un Programa de Custodia que garantice el \u00e9xito de la eliminaci\u00f3n de flora ex\u00f3tica en el tiempo y la regeneraci\u00f3n de la vegetaci\u00f3n y paisaje aut\u00f3ctono.<\/p>\n\n\n\n<p>El proyecto permitir\u00e1 complementar las investigaciones iniciadas por el Instituto Espa\u00f1ol de Oceanograf\u00eda para conocer el efecto y capacidad que los moluscos filtradores podr\u00edan desempe\u00f1ar en la depuraci\u00f3n de las aguas del Mar Menor en general y para su aprovechamiento salinero en particular, y pretende evaluar el uso de las salinas para la recuperaci\u00f3n de poblaciones de estos animales en la laguna litoral.<\/p>\n\n\n\n<p>El proyecto RESALAR tiene como objetivo regenerar espacios del litoral del Mar Menor&nbsp;y su biodiversidad para reducir los  impactos de las actividades humanas, fortalecer la resiliencia del litoral frente al cambio clim\u00e1tico y mejorar e incrementar los servicios ecosist\u00e9micos que proveen a la sociedad.<\/p>\n\n\n\n<p>Este proyecto, que coordina la Fundaci\u00f3n ANSE, y en el que participan la Asociaci\u00f3n de Naturalistas del Sureste, WWF-Espa\u00f1a y el Instituto Espa\u00f1ol de Oceanograf\u00eda, Centro Nacional de la Agencia Estatal Consejo Superior de Investigaciones Cient\u00edficas (IEO-CSIC), cuenta con el apoyo de la Fundaci\u00f3n Biodiversidad del Ministerio para la Transici\u00f3n Ecol\u00f3gica y el Reto Demogr\u00e1fico (MITECO) en el marco del Plan de Recuperaci\u00f3n, Transformaci\u00f3n y Resiliencia (PRTR), financiado por la Uni\u00f3n Europea \u2013 NextGenerationEU y se encuentra vinculado al Marco de Actuaciones Prioritarias para la recuperaci\u00f3n del Mar Menor del Ministerio para la Transici\u00f3n Ecol\u00f3gica y el Reto Demogr\u00e1fico.<\/p>\n","protected":false},"excerpt":{"rendered":"<p>Descripci\u00f3n del proyecto El Mar Menor, una de las mayores lagunas litorales hipersalinas de Europa, presenta un estado de deterioro muy elevado como consecuencia de diversas actividades humanas que han destruido muchos de sus h\u00e1bitats ribere\u00f1os y eutrofizan sus aguas, incumpliendo diferentes normativas estatales y europeas, con consecuencias ambientales, sociales y econ\u00f3micas que requieren de &#8230; <a title=\"Descripci\u00f3n\" class=\"read-more\" href=\"https:\/\/www.fundacionanse.org\/resalar\/descripcion\/\" aria-label=\"Leer m\u00e1s sobre Descripci\u00f3n\">Leer m\u00e1s<\/a><\/p>\n","protected":false},"author":2,"featured_media":596,"parent":0,"menu_order":0,"comment_status":"closed","ping_status":"closed","template":"","meta":{"inline_featured_image":false,"footnotes":""},"class_list":{"0":"post-25","1":"page","2":"type-page","3":"status-publish","4":"has-post-thumbnail","6":"resize-featured-image"},"yoast_head":"<!-- This site is optimized with the Yoast SEO plugin v26.9 - https:\/\/yoast.com\/product\/yoast-seo-wordpress\/ -->\n<title>Descripci\u00f3n - RESALAR<\/title>\n<meta name=\"robots\" content=\"index, follow, max-snippet:-1, max-image-preview:large, max-video-preview:-1\" \/>\n<link rel=\"canonical\" href=\"https:\/\/www.fundacionanse.org\/resalar\/descripcion\/\" \/>\n<meta property=\"og:locale\" content=\"es_ES\" \/>\n<meta property=\"og:type\" content=\"article\" \/>\n<meta property=\"og:title\" content=\"Descripci\u00f3n - RESALAR\" \/>\n<meta property=\"og:description\" content=\"Descripci\u00f3n del proyecto El Mar Menor, una de las mayores lagunas litorales hipersalinas de Europa, presenta un estado de deterioro muy elevado como consecuencia de diversas actividades humanas que han destruido muchos de sus h\u00e1bitats ribere\u00f1os y eutrofizan sus aguas, incumpliendo diferentes normativas estatales y europeas, con consecuencias ambientales, sociales y econ\u00f3micas que requieren de ... Leer m\u00e1s\" \/>\n<meta property=\"og:url\" content=\"https:\/\/www.fundacionanse.org\/resalar\/descripcion\/\" \/>\n<meta property=\"og:site_name\" content=\"RESALAR\" \/>\n<meta property=\"article:publisher\" content=\"https:\/\/www.facebook.com\/FundacionANSE\" \/>\n<meta property=\"article:modified_time\" content=\"2025-11-17T09:59:56+00:00\" \/>\n<meta property=\"og:image\" content=\"https:\/\/www.fundacionanse.org\/resalar\/wp-content\/uploads\/sites\/5\/2024\/02\/manoSal.jpg\" \/>\n\t<meta property=\"og:image:width\" content=\"1500\" \/>\n\t<meta property=\"og:image:height\" content=\"750\" \/>\n\t<meta property=\"og:image:type\" content=\"image\/jpeg\" \/>\n<meta name=\"twitter:card\" content=\"summary_large_image\" \/>\n<meta name=\"twitter:site\" content=\"@fundacionanse\" \/>\n<meta name=\"twitter:label1\" content=\"Tiempo de lectura\" \/>\n\t<meta name=\"twitter:data1\" content=\"3 minutos\" \/>\n<script type=\"application\/ld+json\" class=\"yoast-schema-graph\">{\"@context\":\"https:\/\/schema.org\",\"@graph\":[{\"@type\":\"WebPage\",\"@id\":\"https:\/\/www.fundacionanse.org\/resalar\/descripcion\/\",\"url\":\"https:\/\/www.fundacionanse.org\/resalar\/descripcion\/\",\"name\":\"Descripci\u00f3n - RESALAR\",\"isPartOf\":{\"@id\":\"https:\/\/www.fundacionanse.org\/resalar\/#website\"},\"primaryImageOfPage\":{\"@id\":\"https:\/\/www.fundacionanse.org\/resalar\/descripcion\/#primaryimage\"},\"image\":{\"@id\":\"https:\/\/www.fundacionanse.org\/resalar\/descripcion\/#primaryimage\"},\"thumbnailUrl\":\"https:\/\/www.fundacionanse.org\/resalar\/wp-content\/uploads\/sites\/5\/2024\/02\/manoSal.jpg\",\"datePublished\":\"2023-01-05T09:47:05+00:00\",\"dateModified\":\"2025-11-17T09:59:56+00:00\",\"breadcrumb\":{\"@id\":\"https:\/\/www.fundacionanse.org\/resalar\/descripcion\/#breadcrumb\"},\"inLanguage\":\"es\",\"potentialAction\":[{\"@type\":\"ReadAction\",\"target\":[\"https:\/\/www.fundacionanse.org\/resalar\/descripcion\/\"]}]},{\"@type\":\"ImageObject\",\"inLanguage\":\"es\",\"@id\":\"https:\/\/www.fundacionanse.org\/resalar\/descripcion\/#primaryimage\",\"url\":\"https:\/\/www.fundacionanse.org\/resalar\/wp-content\/uploads\/sites\/5\/2024\/02\/manoSal.jpg\",\"contentUrl\":\"https:\/\/www.fundacionanse.org\/resalar\/wp-content\/uploads\/sites\/5\/2024\/02\/manoSal.jpg\",\"width\":1500,\"height\":750,\"caption\":\"Sal\"},{\"@type\":\"BreadcrumbList\",\"@id\":\"https:\/\/www.fundacionanse.org\/resalar\/descripcion\/#breadcrumb\",\"itemListElement\":[{\"@type\":\"ListItem\",\"position\":1,\"name\":\"Portada\",\"item\":\"https:\/\/www.fundacionanse.org\/resalar\/\"},{\"@type\":\"ListItem\",\"position\":2,\"name\":\"Descripci\u00f3n\"}]},{\"@type\":\"WebSite\",\"@id\":\"https:\/\/www.fundacionanse.org\/resalar\/#website\",\"url\":\"https:\/\/www.fundacionanse.org\/resalar\/\",\"name\":\"RESALAR\",\"description\":\"Regeneraci\u00f3n de salinas y arenales en el Mar Menor\",\"publisher\":{\"@id\":\"https:\/\/www.fundacionanse.org\/resalar\/#organization\"},\"potentialAction\":[{\"@type\":\"SearchAction\",\"target\":{\"@type\":\"EntryPoint\",\"urlTemplate\":\"https:\/\/www.fundacionanse.org\/resalar\/?s={search_term_string}\"},\"query-input\":{\"@type\":\"PropertyValueSpecification\",\"valueRequired\":true,\"valueName\":\"search_term_string\"}}],\"inLanguage\":\"es\"},{\"@type\":\"Organization\",\"@id\":\"https:\/\/www.fundacionanse.org\/resalar\/#organization\",\"name\":\"RESALAR\",\"url\":\"https:\/\/www.fundacionanse.org\/resalar\/\",\"logo\":{\"@type\":\"ImageObject\",\"inLanguage\":\"es\",\"@id\":\"https:\/\/www.fundacionanse.org\/resalar\/#\/schema\/logo\/image\/\",\"url\":\"https:\/\/www.fundacionanse.org\/resalar\/wp-content\/uploads\/sites\/5\/2024\/02\/resalar-web_vertical-color.svg\",\"contentUrl\":\"https:\/\/www.fundacionanse.org\/resalar\/wp-content\/uploads\/sites\/5\/2024\/02\/resalar-web_vertical-color.svg\",\"width\":168,\"height\":188,\"caption\":\"RESALAR\"},\"image\":{\"@id\":\"https:\/\/www.fundacionanse.org\/resalar\/#\/schema\/logo\/image\/\"},\"sameAs\":[\"https:\/\/www.facebook.com\/FundacionANSE\",\"https:\/\/x.com\/fundacionanse\",\"https:\/\/www.instagram.com\/fundacionanse\/\"]}]}<\/script>\n<!-- \/ Yoast SEO plugin. -->","yoast_head_json":{"title":"Descripci\u00f3n - RESALAR","robots":{"index":"index","follow":"follow","max-snippet":"max-snippet:-1","max-image-preview":"max-image-preview:large","max-video-preview":"max-video-preview:-1"},"canonical":"https:\/\/www.fundacionanse.org\/resalar\/descripcion\/","og_locale":"es_ES","og_type":"article","og_title":"Descripci\u00f3n - RESALAR","og_description":"Descripci\u00f3n del proyecto El Mar Menor, una de las mayores lagunas litorales hipersalinas de Europa, presenta un estado de deterioro muy elevado como consecuencia de diversas actividades humanas que han destruido muchos de sus h\u00e1bitats ribere\u00f1os y eutrofizan sus aguas, incumpliendo diferentes normativas estatales y europeas, con consecuencias ambientales, sociales y econ\u00f3micas que requieren de ... Leer m\u00e1s","og_url":"https:\/\/www.fundacionanse.org\/resalar\/descripcion\/","og_site_name":"RESALAR","article_publisher":"https:\/\/www.facebook.com\/FundacionANSE","article_modified_time":"2025-11-17T09:59:56+00:00","og_image":[{"width":1500,"height":750,"url":"https:\/\/www.fundacionanse.org\/resalar\/wp-content\/uploads\/sites\/5\/2024\/02\/manoSal.jpg","type":"image\/jpeg"}],"twitter_card":"summary_large_image","twitter_site":"@fundacionanse","twitter_misc":{"Tiempo de lectura":"3 minutos"},"schema":{"@context":"https:\/\/schema.org","@graph":[{"@type":"WebPage","@id":"https:\/\/www.fundacionanse.org\/resalar\/descripcion\/","url":"https:\/\/www.fundacionanse.org\/resalar\/descripcion\/","name":"Descripci\u00f3n - RESALAR","isPartOf":{"@id":"https:\/\/www.fundacionanse.org\/resalar\/#website"},"primaryImageOfPage":{"@id":"https:\/\/www.fundacionanse.org\/resalar\/descripcion\/#primaryimage"},"image":{"@id":"https:\/\/www.fundacionanse.org\/resalar\/descripcion\/#primaryimage"},"thumbnailUrl":"https:\/\/www.fundacionanse.org\/resalar\/wp-content\/uploads\/sites\/5\/2024\/02\/manoSal.jpg","datePublished":"2023-01-05T09:47:05+00:00","dateModified":"2025-11-17T09:59:56+00:00","breadcrumb":{"@id":"https:\/\/www.fundacionanse.org\/resalar\/descripcion\/#breadcrumb"},"inLanguage":"es","potentialAction":[{"@type":"ReadAction","target":["https:\/\/www.fundacionanse.org\/resalar\/descripcion\/"]}]},{"@type":"ImageObject","inLanguage":"es","@id":"https:\/\/www.fundacionanse.org\/resalar\/descripcion\/#primaryimage","url":"https:\/\/www.fundacionanse.org\/resalar\/wp-content\/uploads\/sites\/5\/2024\/02\/manoSal.jpg","contentUrl":"https:\/\/www.fundacionanse.org\/resalar\/wp-content\/uploads\/sites\/5\/2024\/02\/manoSal.jpg","width":1500,"height":750,"caption":"Sal"},{"@type":"BreadcrumbList","@id":"https:\/\/www.fundacionanse.org\/resalar\/descripcion\/#breadcrumb","itemListElement":[{"@type":"ListItem","position":1,"name":"Portada","item":"https:\/\/www.fundacionanse.org\/resalar\/"},{"@type":"ListItem","position":2,"name":"Descripci\u00f3n"}]},{"@type":"WebSite","@id":"https:\/\/www.fundacionanse.org\/resalar\/#website","url":"https:\/\/www.fundacionanse.org\/resalar\/","name":"RESALAR","description":"Regeneraci\u00f3n de salinas y arenales en el Mar Menor","publisher":{"@id":"https:\/\/www.fundacionanse.org\/resalar\/#organization"},"potentialAction":[{"@type":"SearchAction","target":{"@type":"EntryPoint","urlTemplate":"https:\/\/www.fundacionanse.org\/resalar\/?s={search_term_string}"},"query-input":{"@type":"PropertyValueSpecification","valueRequired":true,"valueName":"search_term_string"}}],"inLanguage":"es"},{"@type":"Organization","@id":"https:\/\/www.fundacionanse.org\/resalar\/#organization","name":"RESALAR","url":"https:\/\/www.fundacionanse.org\/resalar\/","logo":{"@type":"ImageObject","inLanguage":"es","@id":"https:\/\/www.fundacionanse.org\/resalar\/#\/schema\/logo\/image\/","url":"https:\/\/www.fundacionanse.org\/resalar\/wp-content\/uploads\/sites\/5\/2024\/02\/resalar-web_vertical-color.svg","contentUrl":"https:\/\/www.fundacionanse.org\/resalar\/wp-content\/uploads\/sites\/5\/2024\/02\/resalar-web_vertical-color.svg","width":168,"height":188,"caption":"RESALAR"},"image":{"@id":"https:\/\/www.fundacionanse.org\/resalar\/#\/schema\/logo\/image\/"},"sameAs":["https:\/\/www.facebook.com\/FundacionANSE","https:\/\/x.com\/fundacionanse","https:\/\/www.instagram.com\/fundacionanse\/"]}]}},"_links":{"self":[{"href":"https:\/\/www.fundacionanse.org\/resalar\/wp-json\/wp\/v2\/pages\/25","targetHints":{"allow":["GET"]}}],"collection":[{"href":"https:\/\/www.fundacionanse.org\/resalar\/wp-json\/wp\/v2\/pages"}],"about":[{"href":"https:\/\/www.fundacionanse.org\/resalar\/wp-json\/wp\/v2\/types\/page"}],"author":[{"embeddable":true,"href":"https:\/\/www.fundacionanse.org\/resalar\/wp-json\/wp\/v2\/users\/2"}],"replies":[{"embeddable":true,"href":"https:\/\/www.fundacionanse.org\/resalar\/wp-json\/wp\/v2\/comments?post=25"}],"version-history":[{"count":0,"href":"https:\/\/www.fundacionanse.org\/resalar\/wp-json\/wp\/v2\/pages\/25\/revisions"}],"wp:featuredmedia":[{"embeddable":true,"href":"https:\/\/www.fundacionanse.org\/resalar\/wp-json\/wp\/v2\/media\/596"}],"wp:attachment":[{"href":"https:\/\/www.fundacionanse.org\/resalar\/wp-json\/wp\/v2\/media?parent=25"}],"curies":[{"name":"wp","href":"https:\/\/api.w.org\/{rel}","templated":true}]}}