{"id":28,"date":"2023-01-05T09:47:05","date_gmt":"2023-01-05T09:47:05","guid":{"rendered":"https:\/\/www.fundacionanse.org\/resalar\/?page_id=28"},"modified":"2025-11-17T09:59:56","modified_gmt":"2025-11-17T09:59:56","slug":"objetivos","status":"publish","type":"page","link":"https:\/\/www.fundacionanse.org\/resalar\/objetivos\/","title":{"rendered":"Objetivos"},"content":{"rendered":"\n<h1 class=\"wp-block-heading\">Objetivos del proyecto Resalar<\/h1>\n\n\n<div class=\"wp-block-image\">\n<figure class=\"alignright size-large is-resized\"><img decoding=\"async\" width=\"1024\" height=\"576\" src=\"https:\/\/www.fundacionanse.org\/resalar\/wp-content\/uploads\/sites\/5\/2023\/07\/DJI_0746_baja-1024x576.jpg\" alt=\"\" class=\"wp-image-308\" style=\"width:512px;height:288px\" srcset=\"https:\/\/www.fundacionanse.org\/resalar\/wp-content\/uploads\/sites\/5\/2023\/07\/DJI_0746_baja-1024x576.jpg 1024w, https:\/\/www.fundacionanse.org\/resalar\/wp-content\/uploads\/sites\/5\/2023\/07\/DJI_0746_baja-300x169.jpg 300w, https:\/\/www.fundacionanse.org\/resalar\/wp-content\/uploads\/sites\/5\/2023\/07\/DJI_0746_baja-768x432.jpg 768w, https:\/\/www.fundacionanse.org\/resalar\/wp-content\/uploads\/sites\/5\/2023\/07\/DJI_0746_baja-1536x864.jpg 1536w, https:\/\/www.fundacionanse.org\/resalar\/wp-content\/uploads\/sites\/5\/2023\/07\/DJI_0746_baja-2048x1152.jpg 2048w\" sizes=\"(max-width: 1024px) 100vw, 1024px\" \/><\/figure><\/div>\n\n\n<p>El objetivo principal del proyecto es promocionar la bioeconom\u00eda en el sector salinero mediante la puesta en funcionamiento de una salina abandonada, y en el sector tur\u00edstico mediante la creaci\u00f3n de nuevos nichos con la regeneraci\u00f3n de arenales.<\/p>\n\n\n\n<p>Para ello se establecen los siguientes objetivos espec\u00edficos:<\/p>\n\n\n\n<ul class=\"wp-block-list\">\n<li>Recuperaci\u00f3n de la biodiversidad en salinas y arenales para mejorar e incrementar sus servicios ecosist\u00e9micos.<\/li>\n\n\n\n<li>Reducir el impacto de la agricultura intensiva y la miner\u00eda en el Mar Menor mediante el cultivo experimental de ostras.<\/li>\n\n\n\n<li>Adaptaci\u00f3n al cambio clim\u00e1tico mediante la regeneraci\u00f3n y manejo de diecis\u00e9is hect\u00e1reas en primera l\u00ednea de costa y el cultivo experimental de la ostra.<\/li>\n\n\n\n<li>Desarrollar un proceso de participaci\u00f3n que involucre a agentes locales clave.<\/li>\n<\/ul>\n","protected":false},"excerpt":{"rendered":"<p>Objetivos del proyecto Resalar El objetivo principal del proyecto es promocionar la bioeconom\u00eda en el sector salinero mediante la puesta en funcionamiento de una salina abandonada, y en el sector tur\u00edstico mediante la creaci\u00f3n de nuevos nichos con la regeneraci\u00f3n de arenales. Para ello se establecen los siguientes objetivos espec\u00edficos:<\/p>\n","protected":false},"author":2,"featured_media":708,"parent":0,"menu_order":0,"comment_status":"closed","ping_status":"closed","template":"","meta":{"inline_featured_image":false,"footnotes":""},"class_list":{"0":"post-28","1":"page","2":"type-page","3":"status-publish","4":"has-post-thumbnail","6":"resize-featured-image"},"yoast_head":"<!-- This site is optimized with the Yoast SEO plugin v26.9 - https:\/\/yoast.com\/product\/yoast-seo-wordpress\/ -->\n<title>Objetivos - RESALAR<\/title>\n<meta name=\"robots\" content=\"index, follow, max-snippet:-1, max-image-preview:large, max-video-preview:-1\" \/>\n<link rel=\"canonical\" href=\"https:\/\/www.fundacionanse.org\/resalar\/objetivos\/\" \/>\n<meta property=\"og:locale\" content=\"es_ES\" \/>\n<meta property=\"og:type\" content=\"article\" \/>\n<meta property=\"og:title\" content=\"Objetivos - RESALAR\" \/>\n<meta property=\"og:description\" content=\"Objetivos del proyecto Resalar El objetivo principal del proyecto es promocionar la bioeconom\u00eda en el sector salinero mediante la puesta en funcionamiento de una salina abandonada, y en el sector tur\u00edstico mediante la creaci\u00f3n de nuevos nichos con la regeneraci\u00f3n de arenales. Para ello se establecen los siguientes objetivos espec\u00edficos:\" \/>\n<meta property=\"og:url\" content=\"https:\/\/www.fundacionanse.org\/resalar\/objetivos\/\" \/>\n<meta property=\"og:site_name\" content=\"RESALAR\" \/>\n<meta property=\"article:publisher\" content=\"https:\/\/www.facebook.com\/FundacionANSE\" \/>\n<meta property=\"article:modified_time\" content=\"2025-11-17T09:59:56+00:00\" \/>\n<meta property=\"og:image\" content=\"https:\/\/www.fundacionanse.org\/resalar\/wp-content\/uploads\/sites\/5\/2024\/02\/Naves-Marchamalo-restauradas.jpg\" \/>\n\t<meta property=\"og:image:width\" content=\"1500\" \/>\n\t<meta property=\"og:image:height\" content=\"911\" \/>\n\t<meta property=\"og:image:type\" content=\"image\/jpeg\" \/>\n<meta name=\"twitter:card\" content=\"summary_large_image\" \/>\n<meta name=\"twitter:site\" content=\"@fundacionanse\" \/>\n<meta name=\"twitter:label1\" content=\"Tiempo de lectura\" \/>\n\t<meta name=\"twitter:data1\" content=\"1 minuto\" \/>\n<script type=\"application\/ld+json\" class=\"yoast-schema-graph\">{\"@context\":\"https:\/\/schema.org\",\"@graph\":[{\"@type\":\"WebPage\",\"@id\":\"https:\/\/www.fundacionanse.org\/resalar\/objetivos\/\",\"url\":\"https:\/\/www.fundacionanse.org\/resalar\/objetivos\/\",\"name\":\"Objetivos - RESALAR\",\"isPartOf\":{\"@id\":\"https:\/\/www.fundacionanse.org\/resalar\/#website\"},\"primaryImageOfPage\":{\"@id\":\"https:\/\/www.fundacionanse.org\/resalar\/objetivos\/#primaryimage\"},\"image\":{\"@id\":\"https:\/\/www.fundacionanse.org\/resalar\/objetivos\/#primaryimage\"},\"thumbnailUrl\":\"https:\/\/www.fundacionanse.org\/resalar\/wp-content\/uploads\/sites\/5\/2024\/02\/Naves-Marchamalo-restauradas.jpg\",\"datePublished\":\"2023-01-05T09:47:05+00:00\",\"dateModified\":\"2025-11-17T09:59:56+00:00\",\"breadcrumb\":{\"@id\":\"https:\/\/www.fundacionanse.org\/resalar\/objetivos\/#breadcrumb\"},\"inLanguage\":\"es\",\"potentialAction\":[{\"@type\":\"ReadAction\",\"target\":[\"https:\/\/www.fundacionanse.org\/resalar\/objetivos\/\"]}]},{\"@type\":\"ImageObject\",\"inLanguage\":\"es\",\"@id\":\"https:\/\/www.fundacionanse.org\/resalar\/objetivos\/#primaryimage\",\"url\":\"https:\/\/www.fundacionanse.org\/resalar\/wp-content\/uploads\/sites\/5\/2024\/02\/Naves-Marchamalo-restauradas.jpg\",\"contentUrl\":\"https:\/\/www.fundacionanse.org\/resalar\/wp-content\/uploads\/sites\/5\/2024\/02\/Naves-Marchamalo-restauradas.jpg\",\"width\":1500,\"height\":911,\"caption\":\"Naves de las Salinas de Marchamalo restauradas gracias al proyecto Resalar\"},{\"@type\":\"BreadcrumbList\",\"@id\":\"https:\/\/www.fundacionanse.org\/resalar\/objetivos\/#breadcrumb\",\"itemListElement\":[{\"@type\":\"ListItem\",\"position\":1,\"name\":\"Portada\",\"item\":\"https:\/\/www.fundacionanse.org\/resalar\/\"},{\"@type\":\"ListItem\",\"position\":2,\"name\":\"Objetivos\"}]},{\"@type\":\"WebSite\",\"@id\":\"https:\/\/www.fundacionanse.org\/resalar\/#website\",\"url\":\"https:\/\/www.fundacionanse.org\/resalar\/\",\"name\":\"RESALAR\",\"description\":\"Regeneraci\u00f3n de salinas y arenales en el Mar Menor\",\"publisher\":{\"@id\":\"https:\/\/www.fundacionanse.org\/resalar\/#organization\"},\"potentialAction\":[{\"@type\":\"SearchAction\",\"target\":{\"@type\":\"EntryPoint\",\"urlTemplate\":\"https:\/\/www.fundacionanse.org\/resalar\/?s={search_term_string}\"},\"query-input\":{\"@type\":\"PropertyValueSpecification\",\"valueRequired\":true,\"valueName\":\"search_term_string\"}}],\"inLanguage\":\"es\"},{\"@type\":\"Organization\",\"@id\":\"https:\/\/www.fundacionanse.org\/resalar\/#organization\",\"name\":\"RESALAR\",\"url\":\"https:\/\/www.fundacionanse.org\/resalar\/\",\"logo\":{\"@type\":\"ImageObject\",\"inLanguage\":\"es\",\"@id\":\"https:\/\/www.fundacionanse.org\/resalar\/#\/schema\/logo\/image\/\",\"url\":\"https:\/\/www.fundacionanse.org\/resalar\/wp-content\/uploads\/sites\/5\/2024\/02\/resalar-web_vertical-color.svg\",\"contentUrl\":\"https:\/\/www.fundacionanse.org\/resalar\/wp-content\/uploads\/sites\/5\/2024\/02\/resalar-web_vertical-color.svg\",\"width\":168,\"height\":188,\"caption\":\"RESALAR\"},\"image\":{\"@id\":\"https:\/\/www.fundacionanse.org\/resalar\/#\/schema\/logo\/image\/\"},\"sameAs\":[\"https:\/\/www.facebook.com\/FundacionANSE\",\"https:\/\/x.com\/fundacionanse\",\"https:\/\/www.instagram.com\/fundacionanse\/\"]}]}<\/script>\n<!-- \/ Yoast SEO plugin. -->","yoast_head_json":{"title":"Objetivos - RESALAR","robots":{"index":"index","follow":"follow","max-snippet":"max-snippet:-1","max-image-preview":"max-image-preview:large","max-video-preview":"max-video-preview:-1"},"canonical":"https:\/\/www.fundacionanse.org\/resalar\/objetivos\/","og_locale":"es_ES","og_type":"article","og_title":"Objetivos - RESALAR","og_description":"Objetivos del proyecto Resalar El objetivo principal del proyecto es promocionar la bioeconom\u00eda en el sector salinero mediante la puesta en funcionamiento de una salina abandonada, y en el sector tur\u00edstico mediante la creaci\u00f3n de nuevos nichos con la regeneraci\u00f3n de arenales. Para ello se establecen los siguientes objetivos espec\u00edficos:","og_url":"https:\/\/www.fundacionanse.org\/resalar\/objetivos\/","og_site_name":"RESALAR","article_publisher":"https:\/\/www.facebook.com\/FundacionANSE","article_modified_time":"2025-11-17T09:59:56+00:00","og_image":[{"width":1500,"height":911,"url":"https:\/\/www.fundacionanse.org\/resalar\/wp-content\/uploads\/sites\/5\/2024\/02\/Naves-Marchamalo-restauradas.jpg","type":"image\/jpeg"}],"twitter_card":"summary_large_image","twitter_site":"@fundacionanse","twitter_misc":{"Tiempo de lectura":"1 minuto"},"schema":{"@context":"https:\/\/schema.org","@graph":[{"@type":"WebPage","@id":"https:\/\/www.fundacionanse.org\/resalar\/objetivos\/","url":"https:\/\/www.fundacionanse.org\/resalar\/objetivos\/","name":"Objetivos - RESALAR","isPartOf":{"@id":"https:\/\/www.fundacionanse.org\/resalar\/#website"},"primaryImageOfPage":{"@id":"https:\/\/www.fundacionanse.org\/resalar\/objetivos\/#primaryimage"},"image":{"@id":"https:\/\/www.fundacionanse.org\/resalar\/objetivos\/#primaryimage"},"thumbnailUrl":"https:\/\/www.fundacionanse.org\/resalar\/wp-content\/uploads\/sites\/5\/2024\/02\/Naves-Marchamalo-restauradas.jpg","datePublished":"2023-01-05T09:47:05+00:00","dateModified":"2025-11-17T09:59:56+00:00","breadcrumb":{"@id":"https:\/\/www.fundacionanse.org\/resalar\/objetivos\/#breadcrumb"},"inLanguage":"es","potentialAction":[{"@type":"ReadAction","target":["https:\/\/www.fundacionanse.org\/resalar\/objetivos\/"]}]},{"@type":"ImageObject","inLanguage":"es","@id":"https:\/\/www.fundacionanse.org\/resalar\/objetivos\/#primaryimage","url":"https:\/\/www.fundacionanse.org\/resalar\/wp-content\/uploads\/sites\/5\/2024\/02\/Naves-Marchamalo-restauradas.jpg","contentUrl":"https:\/\/www.fundacionanse.org\/resalar\/wp-content\/uploads\/sites\/5\/2024\/02\/Naves-Marchamalo-restauradas.jpg","width":1500,"height":911,"caption":"Naves de las Salinas de Marchamalo restauradas gracias al proyecto Resalar"},{"@type":"BreadcrumbList","@id":"https:\/\/www.fundacionanse.org\/resalar\/objetivos\/#breadcrumb","itemListElement":[{"@type":"ListItem","position":1,"name":"Portada","item":"https:\/\/www.fundacionanse.org\/resalar\/"},{"@type":"ListItem","position":2,"name":"Objetivos"}]},{"@type":"WebSite","@id":"https:\/\/www.fundacionanse.org\/resalar\/#website","url":"https:\/\/www.fundacionanse.org\/resalar\/","name":"RESALAR","description":"Regeneraci\u00f3n de salinas y arenales en el Mar Menor","publisher":{"@id":"https:\/\/www.fundacionanse.org\/resalar\/#organization"},"potentialAction":[{"@type":"SearchAction","target":{"@type":"EntryPoint","urlTemplate":"https:\/\/www.fundacionanse.org\/resalar\/?s={search_term_string}"},"query-input":{"@type":"PropertyValueSpecification","valueRequired":true,"valueName":"search_term_string"}}],"inLanguage":"es"},{"@type":"Organization","@id":"https:\/\/www.fundacionanse.org\/resalar\/#organization","name":"RESALAR","url":"https:\/\/www.fundacionanse.org\/resalar\/","logo":{"@type":"ImageObject","inLanguage":"es","@id":"https:\/\/www.fundacionanse.org\/resalar\/#\/schema\/logo\/image\/","url":"https:\/\/www.fundacionanse.org\/resalar\/wp-content\/uploads\/sites\/5\/2024\/02\/resalar-web_vertical-color.svg","contentUrl":"https:\/\/www.fundacionanse.org\/resalar\/wp-content\/uploads\/sites\/5\/2024\/02\/resalar-web_vertical-color.svg","width":168,"height":188,"caption":"RESALAR"},"image":{"@id":"https:\/\/www.fundacionanse.org\/resalar\/#\/schema\/logo\/image\/"},"sameAs":["https:\/\/www.facebook.com\/FundacionANSE","https:\/\/x.com\/fundacionanse","https:\/\/www.instagram.com\/fundacionanse\/"]}]}},"_links":{"self":[{"href":"https:\/\/www.fundacionanse.org\/resalar\/wp-json\/wp\/v2\/pages\/28","targetHints":{"allow":["GET"]}}],"collection":[{"href":"https:\/\/www.fundacionanse.org\/resalar\/wp-json\/wp\/v2\/pages"}],"about":[{"href":"https:\/\/www.fundacionanse.org\/resalar\/wp-json\/wp\/v2\/types\/page"}],"author":[{"embeddable":true,"href":"https:\/\/www.fundacionanse.org\/resalar\/wp-json\/wp\/v2\/users\/2"}],"replies":[{"embeddable":true,"href":"https:\/\/www.fundacionanse.org\/resalar\/wp-json\/wp\/v2\/comments?post=28"}],"version-history":[{"count":0,"href":"https:\/\/www.fundacionanse.org\/resalar\/wp-json\/wp\/v2\/pages\/28\/revisions"}],"wp:featuredmedia":[{"embeddable":true,"href":"https:\/\/www.fundacionanse.org\/resalar\/wp-json\/wp\/v2\/media\/708"}],"wp:attachment":[{"href":"https:\/\/www.fundacionanse.org\/resalar\/wp-json\/wp\/v2\/media?parent=28"}],"curies":[{"name":"wp","href":"https:\/\/api.w.org\/{rel}","templated":true}]}}