{"id":29,"date":"2023-01-05T09:47:05","date_gmt":"2023-01-05T09:47:05","guid":{"rendered":"https:\/\/www.fundacionanse.org\/resalar\/?page_id=29"},"modified":"2025-11-17T09:59:56","modified_gmt":"2025-11-17T09:59:56","slug":"acciones","status":"publish","type":"page","link":"https:\/\/www.fundacionanse.org\/resalar\/acciones\/","title":{"rendered":"Acciones"},"content":{"rendered":"\n<h1 class=\"wp-block-heading\">Acciones a desarrollar<\/h1>\n\n\n\n<p>Las principales acciones a desarrollar ser\u00e1n:<\/p>\n\n\n\n<div class=\"wp-block-media-text has-media-on-the-right is-stacked-on-mobile is-vertically-aligned-center is-image-fill has-base-3-color has-accent-background-color has-text-color has-background has-link-color wp-elements-563c665f72f3fa091322a67b82d10369\"><div class=\"wp-block-media-text__content\">\n<h2 class=\"wp-block-heading\">Comunicaci\u00f3n y divulgaci\u00f3n<\/h2>\n\n\n\n<p style=\"font-size:17px\">Acciones de comunicaci\u00f3n, divulgaci\u00f3n y educaci\u00f3n ambiental para dar a conocer el proyecto y sus resultados.<\/p>\n<\/div><figure class=\"wp-block-media-text__media\" style=\"background-image:url(https:\/\/www.fundacionanse.org\/resalar\/wp-content\/uploads\/sites\/5\/2023\/06\/WhatsApp-Image-2023-06-23-at-13.22.29-2.jpeg);background-position:51% 35%\"><img decoding=\"async\" width=\"1024\" height=\"724\" src=\"https:\/\/www.fundacionanse.org\/resalar\/wp-content\/uploads\/sites\/5\/2023\/06\/WhatsApp-Image-2023-06-23-at-13.22.29-2.jpeg\" alt=\"\" class=\"wp-image-217 size-full\" srcset=\"https:\/\/www.fundacionanse.org\/resalar\/wp-content\/uploads\/sites\/5\/2023\/06\/WhatsApp-Image-2023-06-23-at-13.22.29-2.jpeg 1024w, https:\/\/www.fundacionanse.org\/resalar\/wp-content\/uploads\/sites\/5\/2023\/06\/WhatsApp-Image-2023-06-23-at-13.22.29-2-300x212.jpeg 300w, https:\/\/www.fundacionanse.org\/resalar\/wp-content\/uploads\/sites\/5\/2023\/06\/WhatsApp-Image-2023-06-23-at-13.22.29-2-768x543.jpeg 768w\" sizes=\"(max-width: 1024px) 100vw, 1024px\" \/><\/figure><\/div>\n\n\n\n<div class=\"wp-block-media-text has-media-on-the-right is-stacked-on-mobile is-vertically-aligned-center is-image-fill has-global-color-11-background-color has-background\"><div class=\"wp-block-media-text__content\">\n<h2 class=\"wp-block-heading has-text-color\" style=\"color:#000000\">Reconstrucci\u00f3n del sector oriental de las salinas de Marchamalo<\/h2>\n\n\n\n<p class=\"has-text-color\" style=\"color:#000000;font-size:17px\">Restauraci\u00f3n del sector oriental de las Salinas de Marchamalo (8 ha) para su puesta en funcionamiento a la finalizaci\u00f3n del proyecto.<\/p>\n<\/div><figure class=\"wp-block-media-text__media\" style=\"background-image:url(https:\/\/www.fundacionanse.org\/resalar\/wp-content\/uploads\/sites\/5\/2023\/06\/WhatsApp-Image-2023-06-16-at-10.04.30-16.jpeg);background-position:46% 48%\"><img decoding=\"async\" width=\"1024\" height=\"768\" src=\"https:\/\/www.fundacionanse.org\/resalar\/wp-content\/uploads\/sites\/5\/2023\/06\/WhatsApp-Image-2023-06-16-at-10.04.30-16.jpeg\" alt=\"\" class=\"wp-image-216 size-full\" srcset=\"https:\/\/www.fundacionanse.org\/resalar\/wp-content\/uploads\/sites\/5\/2023\/06\/WhatsApp-Image-2023-06-16-at-10.04.30-16.jpeg 1024w, https:\/\/www.fundacionanse.org\/resalar\/wp-content\/uploads\/sites\/5\/2023\/06\/WhatsApp-Image-2023-06-16-at-10.04.30-16-300x225.jpeg 300w, https:\/\/www.fundacionanse.org\/resalar\/wp-content\/uploads\/sites\/5\/2023\/06\/WhatsApp-Image-2023-06-16-at-10.04.30-16-768x576.jpeg 768w\" sizes=\"(max-width: 1024px) 100vw, 1024px\" \/><\/figure><\/div>\n\n\n\n<div class=\"wp-block-media-text has-media-on-the-right is-stacked-on-mobile is-vertically-aligned-center is-image-fill has-global-color-8-background-color has-background\"><div class=\"wp-block-media-text__content\">\n<h2 class=\"wp-block-heading has-text-color\" style=\"color:#000000\">Adquisici\u00f3n y rehabilitaci\u00f3n de una nave salinera y terrenos adyacentes<\/h2>\n\n\n\n<p class=\"has-text-color\" style=\"color:#000000;font-size:17px\">Adquisici\u00f3n y custodia de terrenos e infraestructuras adyacentes a las salinas para recuperar los h\u00e1bitats y biodiversidad del entorno y garantizar la actividad salinera.<\/p>\n<\/div><figure class=\"wp-block-media-text__media\" style=\"background-image:url(https:\/\/www.fundacionanse.org\/resalar\/wp-content\/uploads\/sites\/5\/2023\/06\/NavesSalinas-1024x683.jpg);background-position:50% 50%\"><img decoding=\"async\" width=\"1024\" height=\"683\" src=\"https:\/\/www.fundacionanse.org\/resalar\/wp-content\/uploads\/sites\/5\/2023\/06\/NavesSalinas-1024x683.jpg\" alt=\"\" class=\"wp-image-215 size-full\" srcset=\"https:\/\/www.fundacionanse.org\/resalar\/wp-content\/uploads\/sites\/5\/2023\/06\/NavesSalinas-1024x683.jpg 1024w, https:\/\/www.fundacionanse.org\/resalar\/wp-content\/uploads\/sites\/5\/2023\/06\/NavesSalinas-300x200.jpg 300w, https:\/\/www.fundacionanse.org\/resalar\/wp-content\/uploads\/sites\/5\/2023\/06\/NavesSalinas-768x512.jpg 768w, https:\/\/www.fundacionanse.org\/resalar\/wp-content\/uploads\/sites\/5\/2023\/06\/NavesSalinas-1536x1024.jpg 1536w, https:\/\/www.fundacionanse.org\/resalar\/wp-content\/uploads\/sites\/5\/2023\/06\/NavesSalinas-2048x1365.jpg 2048w\" sizes=\"(max-width: 1024px) 100vw, 1024px\" \/><\/figure><\/div>\n\n\n\n<div class=\"wp-block-media-text has-media-on-the-right is-stacked-on-mobile is-vertically-aligned-center is-image-fill has-global-color-9-background-color has-background\"><div class=\"wp-block-media-text__content\">\n<h2 class=\"wp-block-heading has-text-color\" style=\"color:#000000\">Restauraci\u00f3n y custodia de arenales<\/h2>\n\n\n\n<p class=\"has-text-color\" style=\"color:#000000;font-size:17px\">Restauraci\u00f3n y custodia de 6 hect\u00e1reas de ecosistema dunar en el Mar Menor en dos de los \u00faltimos tramos de franja costera en La Manga del Mar Menor que quedan sin urbanizar.<\/p>\n<\/div><figure class=\"wp-block-media-text__media\" style=\"background-image:url(https:\/\/www.fundacionanse.org\/resalar\/wp-content\/uploads\/sites\/5\/2023\/06\/WhatsApp-Image-2023-06-23-at-12.55.15-1.jpeg);background-position:46% 39%\"><img decoding=\"async\" width=\"1024\" height=\"742\" src=\"https:\/\/www.fundacionanse.org\/resalar\/wp-content\/uploads\/sites\/5\/2023\/06\/WhatsApp-Image-2023-06-23-at-12.55.15-1.jpeg\" alt=\"\" class=\"wp-image-213 size-full\" srcset=\"https:\/\/www.fundacionanse.org\/resalar\/wp-content\/uploads\/sites\/5\/2023\/06\/WhatsApp-Image-2023-06-23-at-12.55.15-1.jpeg 1024w, https:\/\/www.fundacionanse.org\/resalar\/wp-content\/uploads\/sites\/5\/2023\/06\/WhatsApp-Image-2023-06-23-at-12.55.15-1-300x217.jpeg 300w, https:\/\/www.fundacionanse.org\/resalar\/wp-content\/uploads\/sites\/5\/2023\/06\/WhatsApp-Image-2023-06-23-at-12.55.15-1-768x557.jpeg 768w\" sizes=\"(max-width: 1024px) 100vw, 1024px\" \/><\/figure><\/div>\n\n\n\n<div class=\"wp-block-media-text has-media-on-the-right is-stacked-on-mobile is-vertically-aligned-center is-image-fill has-base-3-color has-accent-background-color has-text-color has-background has-link-color wp-elements-2f531a52c234c1782529a617770a38f9\"><div class=\"wp-block-media-text__content\">\n<h2 class=\"wp-block-heading\">Cultivo de ostras de la laguna<\/h2>\n<\/div><figure class=\"wp-block-media-text__media\" style=\"background-image:url(https:\/\/www.fundacionanse.org\/resalar\/wp-content\/uploads\/sites\/5\/2023\/03\/IMG-20220312-WA0007-1024x682.jpg);background-position:50% 50%\"><img decoding=\"async\" width=\"1024\" height=\"682\" src=\"https:\/\/www.fundacionanse.org\/resalar\/wp-content\/uploads\/sites\/5\/2023\/03\/IMG-20220312-WA0007-1024x682.jpg\" alt=\"\" class=\"wp-image-114 size-full\" srcset=\"https:\/\/www.fundacionanse.org\/resalar\/wp-content\/uploads\/sites\/5\/2023\/03\/IMG-20220312-WA0007-1024x682.jpg 1024w, https:\/\/www.fundacionanse.org\/resalar\/wp-content\/uploads\/sites\/5\/2023\/03\/IMG-20220312-WA0007-300x200.jpg 300w, https:\/\/www.fundacionanse.org\/resalar\/wp-content\/uploads\/sites\/5\/2023\/03\/IMG-20220312-WA0007-768x512.jpg 768w, https:\/\/www.fundacionanse.org\/resalar\/wp-content\/uploads\/sites\/5\/2023\/03\/IMG-20220312-WA0007-1536x1023.jpg 1536w, https:\/\/www.fundacionanse.org\/resalar\/wp-content\/uploads\/sites\/5\/2023\/03\/IMG-20220312-WA0007.jpg 1600w\" sizes=\"(max-width: 1024px) 100vw, 1024px\" \/><\/figure><\/div>\n\n\n\n<div class=\"wp-block-media-text has-media-on-the-right is-stacked-on-mobile is-vertically-aligned-center is-image-fill has-global-color-11-background-color has-background\"><div class=\"wp-block-media-text__content\">\n<h2 class=\"wp-block-heading has-text-color\" style=\"color:#000000\">Mejora de la disponibilidad y calidad del h\u00e1bitat para la biodiversidad<\/h2>\n<\/div><figure class=\"wp-block-media-text__media\" style=\"background-image:url(https:\/\/www.fundacionanse.org\/resalar\/wp-content\/uploads\/sites\/5\/2023\/03\/DSC05698.jpg);background-position:51% 24%\"><img decoding=\"async\" width=\"591\" height=\"443\" src=\"https:\/\/www.fundacionanse.org\/resalar\/wp-content\/uploads\/sites\/5\/2023\/03\/DSC05698.jpg\" alt=\"\" class=\"wp-image-117 size-full\" srcset=\"https:\/\/www.fundacionanse.org\/resalar\/wp-content\/uploads\/sites\/5\/2023\/03\/DSC05698.jpg 591w, https:\/\/www.fundacionanse.org\/resalar\/wp-content\/uploads\/sites\/5\/2023\/03\/DSC05698-300x225.jpg 300w\" sizes=\"(max-width: 591px) 100vw, 591px\" \/><\/figure><\/div>\n\n\n\n<div class=\"wp-block-media-text has-media-on-the-right is-stacked-on-mobile is-vertically-aligned-center is-image-fill has-base-3-color has-global-color-10-background-color has-text-color has-background has-link-color wp-elements-47e102b36acb3d8e3cfc795c5efeb78b\"><div class=\"wp-block-media-text__content\">\n<h2 class=\"wp-block-heading\">Participaci\u00f3n, capacitaci\u00f3n y transferencia del conocimiento<\/h2>\n<\/div><figure class=\"wp-block-media-text__media\" style=\"background-image:url(https:\/\/www.fundacionanse.org\/resalar\/wp-content\/uploads\/sites\/5\/2023\/03\/D71_1848-1024x683-1.jpg);background-position:53% 65%\"><img decoding=\"async\" width=\"1024\" height=\"683\" src=\"https:\/\/www.fundacionanse.org\/resalar\/wp-content\/uploads\/sites\/5\/2023\/03\/D71_1848-1024x683-1.jpg\" alt=\"\" class=\"wp-image-119 size-full\" srcset=\"https:\/\/www.fundacionanse.org\/resalar\/wp-content\/uploads\/sites\/5\/2023\/03\/D71_1848-1024x683-1.jpg 1024w, https:\/\/www.fundacionanse.org\/resalar\/wp-content\/uploads\/sites\/5\/2023\/03\/D71_1848-1024x683-1-300x200.jpg 300w, https:\/\/www.fundacionanse.org\/resalar\/wp-content\/uploads\/sites\/5\/2023\/03\/D71_1848-1024x683-1-768x512.jpg 768w\" sizes=\"(max-width: 1024px) 100vw, 1024px\" \/><\/figure><\/div>\n\n\n\n<div class=\"wp-block-media-text has-media-on-the-right is-stacked-on-mobile is-vertically-aligned-center is-image-fill has-global-color-8-background-color has-background\"><div class=\"wp-block-media-text__content\">\n<h2 class=\"wp-block-heading has-text-color\" style=\"color:#000000\">Coordinaci\u00f3n y seguimiento<\/h2>\n<\/div><figure class=\"wp-block-media-text__media\" style=\"background-image:url(https:\/\/www.fundacionanse.org\/resalar\/wp-content\/uploads\/sites\/5\/2023\/06\/20230530_Marchamalo-7-1024x768.jpeg);background-position:50% 76%\"><img decoding=\"async\" width=\"1024\" height=\"768\" src=\"https:\/\/www.fundacionanse.org\/resalar\/wp-content\/uploads\/sites\/5\/2023\/06\/20230530_Marchamalo-7-1024x768.jpeg\" alt=\"\" class=\"wp-image-218 size-full\" srcset=\"https:\/\/www.fundacionanse.org\/resalar\/wp-content\/uploads\/sites\/5\/2023\/06\/20230530_Marchamalo-7-1024x768.jpeg 1024w, https:\/\/www.fundacionanse.org\/resalar\/wp-content\/uploads\/sites\/5\/2023\/06\/20230530_Marchamalo-7-300x225.jpeg 300w, https:\/\/www.fundacionanse.org\/resalar\/wp-content\/uploads\/sites\/5\/2023\/06\/20230530_Marchamalo-7-768x576.jpeg 768w, https:\/\/www.fundacionanse.org\/resalar\/wp-content\/uploads\/sites\/5\/2023\/06\/20230530_Marchamalo-7-1536x1152.jpeg 1536w, https:\/\/www.fundacionanse.org\/resalar\/wp-content\/uploads\/sites\/5\/2023\/06\/20230530_Marchamalo-7.jpeg 1600w\" sizes=\"(max-width: 1024px) 100vw, 1024px\" \/><\/figure><\/div>\n","protected":false},"excerpt":{"rendered":"<p>Acciones a desarrollar Las principales acciones a desarrollar ser\u00e1n: Comunicaci\u00f3n y divulgaci\u00f3n Acciones de comunicaci\u00f3n, divulgaci\u00f3n y educaci\u00f3n ambiental para dar a conocer el proyecto y sus resultados. Reconstrucci\u00f3n del sector oriental de las salinas de Marchamalo Restauraci\u00f3n del sector oriental de las Salinas de Marchamalo (8 ha) para su puesta en funcionamiento a la &#8230; <a title=\"Acciones\" class=\"read-more\" href=\"https:\/\/www.fundacionanse.org\/resalar\/acciones\/\" aria-label=\"Leer m\u00e1s sobre Acciones\">Leer m\u00e1s<\/a><\/p>\n","protected":false},"author":2,"featured_media":799,"parent":0,"menu_order":0,"comment_status":"closed","ping_status":"closed","template":"","meta":{"inline_featured_image":false,"footnotes":""},"class_list":{"0":"post-29","1":"page","2":"type-page","3":"status-publish","4":"has-post-thumbnail","6":"resize-featured-image"},"yoast_head":"<!-- This site is optimized with the Yoast SEO plugin v26.9 - https:\/\/yoast.com\/product\/yoast-seo-wordpress\/ -->\n<title>Acciones - RESALAR<\/title>\n<meta name=\"robots\" content=\"index, follow, max-snippet:-1, max-image-preview:large, max-video-preview:-1\" \/>\n<link rel=\"canonical\" href=\"https:\/\/www.fundacionanse.org\/resalar\/acciones\/\" \/>\n<meta property=\"og:locale\" content=\"es_ES\" \/>\n<meta property=\"og:type\" content=\"article\" \/>\n<meta property=\"og:title\" content=\"Acciones - RESALAR\" \/>\n<meta property=\"og:description\" content=\"Acciones a desarrollar Las principales acciones a desarrollar ser\u00e1n: Comunicaci\u00f3n y divulgaci\u00f3n Acciones de comunicaci\u00f3n, divulgaci\u00f3n y educaci\u00f3n ambiental para dar a conocer el proyecto y sus resultados. Reconstrucci\u00f3n del sector oriental de las salinas de Marchamalo Restauraci\u00f3n del sector oriental de las Salinas de Marchamalo (8 ha) para su puesta en funcionamiento a la ... Leer m\u00e1s\" \/>\n<meta property=\"og:url\" content=\"https:\/\/www.fundacionanse.org\/resalar\/acciones\/\" \/>\n<meta property=\"og:site_name\" content=\"RESALAR\" \/>\n<meta property=\"article:publisher\" content=\"https:\/\/www.facebook.com\/FundacionANSE\" \/>\n<meta property=\"article:modified_time\" content=\"2025-11-17T09:59:56+00:00\" \/>\n<meta property=\"og:image\" content=\"https:\/\/www.fundacionanse.org\/resalar\/wp-content\/uploads\/sites\/5\/2024\/03\/voluntarios-caleta2.jpg\" \/>\n\t<meta property=\"og:image:width\" content=\"1500\" \/>\n\t<meta property=\"og:image:height\" content=\"921\" \/>\n\t<meta property=\"og:image:type\" content=\"image\/jpeg\" \/>\n<meta name=\"twitter:card\" content=\"summary_large_image\" \/>\n<meta name=\"twitter:site\" content=\"@fundacionanse\" \/>\n<meta name=\"twitter:label1\" content=\"Tiempo de lectura\" \/>\n\t<meta name=\"twitter:data1\" content=\"3 minutos\" \/>\n<script type=\"application\/ld+json\" class=\"yoast-schema-graph\">{\"@context\":\"https:\/\/schema.org\",\"@graph\":[{\"@type\":\"WebPage\",\"@id\":\"https:\/\/www.fundacionanse.org\/resalar\/acciones\/\",\"url\":\"https:\/\/www.fundacionanse.org\/resalar\/acciones\/\",\"name\":\"Acciones - RESALAR\",\"isPartOf\":{\"@id\":\"https:\/\/www.fundacionanse.org\/resalar\/#website\"},\"primaryImageOfPage\":{\"@id\":\"https:\/\/www.fundacionanse.org\/resalar\/acciones\/#primaryimage\"},\"image\":{\"@id\":\"https:\/\/www.fundacionanse.org\/resalar\/acciones\/#primaryimage\"},\"thumbnailUrl\":\"https:\/\/www.fundacionanse.org\/resalar\/wp-content\/uploads\/sites\/5\/2024\/03\/voluntarios-caleta2.jpg\",\"datePublished\":\"2023-01-05T09:47:05+00:00\",\"dateModified\":\"2025-11-17T09:59:56+00:00\",\"breadcrumb\":{\"@id\":\"https:\/\/www.fundacionanse.org\/resalar\/acciones\/#breadcrumb\"},\"inLanguage\":\"es\",\"potentialAction\":[{\"@type\":\"ReadAction\",\"target\":[\"https:\/\/www.fundacionanse.org\/resalar\/acciones\/\"]}]},{\"@type\":\"ImageObject\",\"inLanguage\":\"es\",\"@id\":\"https:\/\/www.fundacionanse.org\/resalar\/acciones\/#primaryimage\",\"url\":\"https:\/\/www.fundacionanse.org\/resalar\/wp-content\/uploads\/sites\/5\/2024\/03\/voluntarios-caleta2.jpg\",\"contentUrl\":\"https:\/\/www.fundacionanse.org\/resalar\/wp-content\/uploads\/sites\/5\/2024\/03\/voluntarios-caleta2.jpg\",\"width\":1500,\"height\":921,\"caption\":\"Voluntarios en Caleta del Estacio \u00a9ANSE\"},{\"@type\":\"BreadcrumbList\",\"@id\":\"https:\/\/www.fundacionanse.org\/resalar\/acciones\/#breadcrumb\",\"itemListElement\":[{\"@type\":\"ListItem\",\"position\":1,\"name\":\"Portada\",\"item\":\"https:\/\/www.fundacionanse.org\/resalar\/\"},{\"@type\":\"ListItem\",\"position\":2,\"name\":\"Acciones\"}]},{\"@type\":\"WebSite\",\"@id\":\"https:\/\/www.fundacionanse.org\/resalar\/#website\",\"url\":\"https:\/\/www.fundacionanse.org\/resalar\/\",\"name\":\"RESALAR\",\"description\":\"Regeneraci\u00f3n de salinas y arenales en el Mar Menor\",\"publisher\":{\"@id\":\"https:\/\/www.fundacionanse.org\/resalar\/#organization\"},\"potentialAction\":[{\"@type\":\"SearchAction\",\"target\":{\"@type\":\"EntryPoint\",\"urlTemplate\":\"https:\/\/www.fundacionanse.org\/resalar\/?s={search_term_string}\"},\"query-input\":{\"@type\":\"PropertyValueSpecification\",\"valueRequired\":true,\"valueName\":\"search_term_string\"}}],\"inLanguage\":\"es\"},{\"@type\":\"Organization\",\"@id\":\"https:\/\/www.fundacionanse.org\/resalar\/#organization\",\"name\":\"RESALAR\",\"url\":\"https:\/\/www.fundacionanse.org\/resalar\/\",\"logo\":{\"@type\":\"ImageObject\",\"inLanguage\":\"es\",\"@id\":\"https:\/\/www.fundacionanse.org\/resalar\/#\/schema\/logo\/image\/\",\"url\":\"https:\/\/www.fundacionanse.org\/resalar\/wp-content\/uploads\/sites\/5\/2024\/02\/resalar-web_vertical-color.svg\",\"contentUrl\":\"https:\/\/www.fundacionanse.org\/resalar\/wp-content\/uploads\/sites\/5\/2024\/02\/resalar-web_vertical-color.svg\",\"width\":168,\"height\":188,\"caption\":\"RESALAR\"},\"image\":{\"@id\":\"https:\/\/www.fundacionanse.org\/resalar\/#\/schema\/logo\/image\/\"},\"sameAs\":[\"https:\/\/www.facebook.com\/FundacionANSE\",\"https:\/\/x.com\/fundacionanse\",\"https:\/\/www.instagram.com\/fundacionanse\/\"]}]}<\/script>\n<!-- \/ Yoast SEO plugin. -->","yoast_head_json":{"title":"Acciones - RESALAR","robots":{"index":"index","follow":"follow","max-snippet":"max-snippet:-1","max-image-preview":"max-image-preview:large","max-video-preview":"max-video-preview:-1"},"canonical":"https:\/\/www.fundacionanse.org\/resalar\/acciones\/","og_locale":"es_ES","og_type":"article","og_title":"Acciones - RESALAR","og_description":"Acciones a desarrollar Las principales acciones a desarrollar ser\u00e1n: Comunicaci\u00f3n y divulgaci\u00f3n Acciones de comunicaci\u00f3n, divulgaci\u00f3n y educaci\u00f3n ambiental para dar a conocer el proyecto y sus resultados. Reconstrucci\u00f3n del sector oriental de las salinas de Marchamalo Restauraci\u00f3n del sector oriental de las Salinas de Marchamalo (8 ha) para su puesta en funcionamiento a la ... Leer m\u00e1s","og_url":"https:\/\/www.fundacionanse.org\/resalar\/acciones\/","og_site_name":"RESALAR","article_publisher":"https:\/\/www.facebook.com\/FundacionANSE","article_modified_time":"2025-11-17T09:59:56+00:00","og_image":[{"width":1500,"height":921,"url":"https:\/\/www.fundacionanse.org\/resalar\/wp-content\/uploads\/sites\/5\/2024\/03\/voluntarios-caleta2.jpg","type":"image\/jpeg"}],"twitter_card":"summary_large_image","twitter_site":"@fundacionanse","twitter_misc":{"Tiempo de lectura":"3 minutos"},"schema":{"@context":"https:\/\/schema.org","@graph":[{"@type":"WebPage","@id":"https:\/\/www.fundacionanse.org\/resalar\/acciones\/","url":"https:\/\/www.fundacionanse.org\/resalar\/acciones\/","name":"Acciones - RESALAR","isPartOf":{"@id":"https:\/\/www.fundacionanse.org\/resalar\/#website"},"primaryImageOfPage":{"@id":"https:\/\/www.fundacionanse.org\/resalar\/acciones\/#primaryimage"},"image":{"@id":"https:\/\/www.fundacionanse.org\/resalar\/acciones\/#primaryimage"},"thumbnailUrl":"https:\/\/www.fundacionanse.org\/resalar\/wp-content\/uploads\/sites\/5\/2024\/03\/voluntarios-caleta2.jpg","datePublished":"2023-01-05T09:47:05+00:00","dateModified":"2025-11-17T09:59:56+00:00","breadcrumb":{"@id":"https:\/\/www.fundacionanse.org\/resalar\/acciones\/#breadcrumb"},"inLanguage":"es","potentialAction":[{"@type":"ReadAction","target":["https:\/\/www.fundacionanse.org\/resalar\/acciones\/"]}]},{"@type":"ImageObject","inLanguage":"es","@id":"https:\/\/www.fundacionanse.org\/resalar\/acciones\/#primaryimage","url":"https:\/\/www.fundacionanse.org\/resalar\/wp-content\/uploads\/sites\/5\/2024\/03\/voluntarios-caleta2.jpg","contentUrl":"https:\/\/www.fundacionanse.org\/resalar\/wp-content\/uploads\/sites\/5\/2024\/03\/voluntarios-caleta2.jpg","width":1500,"height":921,"caption":"Voluntarios en Caleta del Estacio \u00a9ANSE"},{"@type":"BreadcrumbList","@id":"https:\/\/www.fundacionanse.org\/resalar\/acciones\/#breadcrumb","itemListElement":[{"@type":"ListItem","position":1,"name":"Portada","item":"https:\/\/www.fundacionanse.org\/resalar\/"},{"@type":"ListItem","position":2,"name":"Acciones"}]},{"@type":"WebSite","@id":"https:\/\/www.fundacionanse.org\/resalar\/#website","url":"https:\/\/www.fundacionanse.org\/resalar\/","name":"RESALAR","description":"Regeneraci\u00f3n de salinas y arenales en el Mar Menor","publisher":{"@id":"https:\/\/www.fundacionanse.org\/resalar\/#organization"},"potentialAction":[{"@type":"SearchAction","target":{"@type":"EntryPoint","urlTemplate":"https:\/\/www.fundacionanse.org\/resalar\/?s={search_term_string}"},"query-input":{"@type":"PropertyValueSpecification","valueRequired":true,"valueName":"search_term_string"}}],"inLanguage":"es"},{"@type":"Organization","@id":"https:\/\/www.fundacionanse.org\/resalar\/#organization","name":"RESALAR","url":"https:\/\/www.fundacionanse.org\/resalar\/","logo":{"@type":"ImageObject","inLanguage":"es","@id":"https:\/\/www.fundacionanse.org\/resalar\/#\/schema\/logo\/image\/","url":"https:\/\/www.fundacionanse.org\/resalar\/wp-content\/uploads\/sites\/5\/2024\/02\/resalar-web_vertical-color.svg","contentUrl":"https:\/\/www.fundacionanse.org\/resalar\/wp-content\/uploads\/sites\/5\/2024\/02\/resalar-web_vertical-color.svg","width":168,"height":188,"caption":"RESALAR"},"image":{"@id":"https:\/\/www.fundacionanse.org\/resalar\/#\/schema\/logo\/image\/"},"sameAs":["https:\/\/www.facebook.com\/FundacionANSE","https:\/\/x.com\/fundacionanse","https:\/\/www.instagram.com\/fundacionanse\/"]}]}},"_links":{"self":[{"href":"https:\/\/www.fundacionanse.org\/resalar\/wp-json\/wp\/v2\/pages\/29","targetHints":{"allow":["GET"]}}],"collection":[{"href":"https:\/\/www.fundacionanse.org\/resalar\/wp-json\/wp\/v2\/pages"}],"about":[{"href":"https:\/\/www.fundacionanse.org\/resalar\/wp-json\/wp\/v2\/types\/page"}],"author":[{"embeddable":true,"href":"https:\/\/www.fundacionanse.org\/resalar\/wp-json\/wp\/v2\/users\/2"}],"replies":[{"embeddable":true,"href":"https:\/\/www.fundacionanse.org\/resalar\/wp-json\/wp\/v2\/comments?post=29"}],"version-history":[{"count":0,"href":"https:\/\/www.fundacionanse.org\/resalar\/wp-json\/wp\/v2\/pages\/29\/revisions"}],"wp:featuredmedia":[{"embeddable":true,"href":"https:\/\/www.fundacionanse.org\/resalar\/wp-json\/wp\/v2\/media\/799"}],"wp:attachment":[{"href":"https:\/\/www.fundacionanse.org\/resalar\/wp-json\/wp\/v2\/media?parent=29"}],"curies":[{"name":"wp","href":"https:\/\/api.w.org\/{rel}","templated":true}]}}